{"id":999,"date":"2020-03-07T00:19:32","date_gmt":"2020-03-07T06:19:32","guid":{"rendered":"https:\/\/imperfester.com.mx\/tienda\/product\/import-placeholder-for-1356\/"},"modified":"2026-02-27T17:18:08","modified_gmt":"2026-02-27T23:18:08","slug":"fester-acriton-ps-3","status":"publish","type":"product","link":"https:\/\/imperfester.com.mx\/tienda\/product\/fester-acriton-ps-3\/","title":{"rendered":"FESTER ACRITON PS 8A RJO 19L"},"content":{"rendered":"<div class=\"product__descriptionText\">\n<p><b>Impermeabilizante acr\u00edlico elastom\u00e9rico base agua de Secado Extra R\u00e1pido que revoluciona la tecnolog\u00eda logrando el mejor balance de propiedades mec\u00e1nicas; adem\u00e1s de secado extra r\u00e1pido* y propiedades de hidro-repelencia y perleo con tecnolog\u00eda Proshield\u00ae.<\/b><\/p>\n<div>\u00a0<\/div>\n<ul>\n<li>La nueva tecnolog\u00eda Proshield\u00ae permite saber cu\u00e1ndo el proceso de secado extra r\u00e1pido de Fester Acriton ha concluido, gracias ahora a sus propiedades de hidrorepelencia y perleo.<\/li>\n<li>Mejor desempe\u00f1o ante movimientos estructurales de grietas y fisuras, condiciones clim\u00e1ticas adversas de lluvia, rayos UV, fr\u00edo, sequ\u00eda, polvo, entre otros; debido a su exclusivo balance de propiedades mec\u00e1nicas.<\/li>\n<li>Garant\u00eda extendida ya que es un producto renovable que permite extender su vida \u00fatil y con ello su garant\u00eda hasta por 2 a\u00f1os m\u00e1s, aplicando una sola capa mas de producto***<\/li>\n<li>Debido a su secado extra r\u00e1pido permite la aplicaci\u00f3n del sistema impermeable completo en una ma\u00f1ana, resistiendo lluvia intensa 1 hora despu\u00e9s de aplicado*<\/li>\n<li>Resistencia al encharcamiento y al tr\u00e1fico peatonal moderado.<\/li>\n<li>Adhiere sobre sistemas acr\u00edlicos, asf\u00e1lticos y prefabricados envejecidos.<\/li>\n<li>En color blanco, tiene alta reflectividad (85%) y conserva la blancura por m\u00e1s tiempo, disminuyendo con esto la temperatura de los interiores y logrando ahorros en el consumo de energ\u00eda por el uso de sistemas de ventilaci\u00f3n o aire acondicionado****<\/li>\n<\/ul>\n<p>\u00a0<\/p>\n<p><b>COLOR<\/b><\/p>\n<ul>\n<li>Cubeta 4L: Rojo \/ Blanco******<\/li>\n<li>Cubeta 19L: Rojo \/ Blanco ****** \/ Verde<\/li>\n<li>Tambo 200L: Rojo \/ Blanco******<\/li>\n<\/ul>\n<p>\u00a0<\/p>\n<p><b>PRESENTACI\u00d3N<\/b><\/p>\n<ul>\n<li>4 a\u00f1os: Cubeta 4L y cubeta 19L<\/li>\n<li>6 a\u00f1os: Cubeta 19L y tambo 200L<\/li>\n<li>8 a\u00f1os: Cubeta 4L y cubeta 19L<\/li>\n<\/ul>\n<p>\u00a0<\/p>\n<p><b>GARANT\u00cdA<\/b><\/p>\n<ul>\n<li>4 a\u00f1os ****<\/li>\n<li>6 a\u00f1os\u00a0 ****<\/li>\n<li>8 a\u00f1os ****<\/li>\n<\/ul>\n<p>\u00a0<\/p>\n<p><b>USOS<\/b><\/p>\n<ul>\n<li>Para impermeabilizar: losas de concreto planas o inclinadas, techumbres de l\u00e1mina met\u00e1lica de fibro-cemento, acabados t\u00e9rmicos de poliestireno y espuma de poliuretano.<\/li>\n<li>Para dar mantenimiento a sistemas anteriores envejecidos.<\/li>\n<\/ul>\n<\/div>\n<div class=\"product__benefits\">\n<p tabindex=\"-1\">\u00a0<\/p>\n<p id=\"beneficios-1\" class=\"product__benefitsTitle\" tabindex=\"-1\"><strong>BENEFICIOS<\/strong><\/p>\n<div class=\"product__benefitsList\">\n<ul>\n<li>Propiedades de Hidrorepelencia y Perleo<\/li>\n<li>Secado Extra R\u00e1pido*<\/li>\n<li>Mejor desempe\u00f1o y mayor durabilidad**<\/li>\n<li>Permite impermeabilizar en una ma\u00f1ana<\/li>\n<li>Resiste lluvia, rayos UV, fr\u00edo, sequ\u00eda y polvo<\/li>\n<li>Contribuye a reducir la temperatura de los interiores<\/li>\n<\/ul>\n<p>\u00a0<\/p>\n<p><b>OBSERVACIONES<\/b><\/p>\n<p>*El producto tiene Secado Extra R\u00e1pido comparado con su versi\u00f3n de secado r\u00e1pido. El tiempo referido de secado es en condiciones controladas de laboratorio.<\/p>\n<p>**El producto tiene mejor desempe\u00f1o y mayor durabilidad comparado con su versi\u00f3n anterior de Secado Extra R\u00e1pido.\u00a0<\/p>\n<p>***La garant\u00eda extendida consiste en alargar la vida \u00fatil hasta por 4 a\u00f1os adicionales a los que ampara la garant\u00eda principal, aplicando una sola capa m\u00e1s de Fester Acriton con rendimiento m\u00ednimo de 0.65 L\/m2 en una capa, a excepci\u00f3n de aquellos puntos donde por falta de adherencia o ruptura, el sistema haya sido retirado y en cuyo caso, dichos lugares deber\u00e1n tratarse con el sistema completo. La garant\u00eda extendida se otorga por escrito al presentar la garant\u00eda original del producto aplicado. Un especialista de la Red de Distribuidores Fester\u00ae Autorizado deber\u00e1 revisar que la superficie est\u00e9 en buenas condiciones y con \u00f3ptima adherencia para poder aplicar la capa adicional de producto y con ello renovar el sistema. Para mayor informaci\u00f3n consulte un especialista de la Red de Distribuidores Fester\u00ae Autorizado.<\/p>\n<p>****La garant\u00eda y garant\u00eda extendida se otorgan por escrito sobre el sistema impermeable aplicado en su totalidad exclusivamente por un especialista de la Red de Distribuidores Fester\u00ae Autorizado. Para mayor informaci\u00f3n consulte un especialista de la Red de Distribuidores Fester\u00ae Autorizado.\u00a0<\/p>\n<p>*****Reflectividad medida a trav\u00e9s del m\u00e9todo ASTM E313.<\/p>\n<p>******Certificaci\u00f3n para productos blancos<\/p>\n<p>\u00a0<\/p>\n<p><b>OBSERVACIONES SOBRE LA COMUNICACI\u00d3N<\/b><\/p>\n<p>*El tiempo referido del secado aplica bajo condiciones de uso normal \/ Sol directo, siguiendo instrucciones de<\/p>\n<p>uso; el tiempo puede variar seg\u00fan color del impermeabilizante y condiciones clim\u00e1ticas.<\/p>\n<p>**La duraci\u00f3n de 18 a\u00f1os, puede variar en funci\u00f3n de la versi\u00f3n del producto, aplicaci\u00f3n y uso de la tecnolog\u00eda<\/p>\n<p>Longlife, siguiendo recomendaciones de uso.<\/p>\n<p>***La palabra \u201cGARANTIZADO\u201d aplica para impermeabilizaciones realizadas por un distribuidor autorizado<\/p>\n<p>Fester usando productos Fester Acrit\u00f3n Proshield; as\u00ed como recomendaciones y especificaciones de uso.<\/p>\n<p>El efecto de hidrorepelencia y perleo depende de la correcta aplicaci\u00f3n del producto.<\/p>\n<\/div>\n<\/div>\n","protected":false},"excerpt":{"rendered":"<p>Impermeabilizante Acr\u00edlico base agua de secado extra r\u00e1pido<\/p>\n","protected":false},"featured_media":1797,"comment_status":"open","ping_status":"closed","template":"","meta":{"_joinchat":[]},"product_brand":[],"product_cat":[50,49],"product_tag":[51,70,62],"class_list":{"0":"post-999","1":"product","2":"type-product","3":"status-publish","4":"has-post-thumbnail","6":"product_cat-acrilicos","7":"product_cat-impermeabilizantes","8":"product_tag-19-l","9":"product_tag-8-anos","10":"product_tag-rojo","12":"first","13":"instock","14":"sale","15":"taxable","16":"shipping-taxable","17":"purchasable","18":"product-type-simple"},"jetpack_sharing_enabled":true,"_links":{"self":[{"href":"https:\/\/imperfester.com.mx\/tienda\/wp-json\/wp\/v2\/product\/999","targetHints":{"allow":["GET"]}}],"collection":[{"href":"https:\/\/imperfester.com.mx\/tienda\/wp-json\/wp\/v2\/product"}],"about":[{"href":"https:\/\/imperfester.com.mx\/tienda\/wp-json\/wp\/v2\/types\/product"}],"replies":[{"embeddable":true,"href":"https:\/\/imperfester.com.mx\/tienda\/wp-json\/wp\/v2\/comments?post=999"}],"wp:featuredmedia":[{"embeddable":true,"href":"https:\/\/imperfester.com.mx\/tienda\/wp-json\/wp\/v2\/media\/1797"}],"wp:attachment":[{"href":"https:\/\/imperfester.com.mx\/tienda\/wp-json\/wp\/v2\/media?parent=999"}],"wp:term":[{"taxonomy":"product_brand","embeddable":true,"href":"https:\/\/imperfester.com.mx\/tienda\/wp-json\/wp\/v2\/product_brand?post=999"},{"taxonomy":"product_cat","embeddable":true,"href":"https:\/\/imperfester.com.mx\/tienda\/wp-json\/wp\/v2\/product_cat?post=999"},{"taxonomy":"product_tag","embeddable":true,"href":"https:\/\/imperfester.com.mx\/tienda\/wp-json\/wp\/v2\/product_tag?post=999"}],"curies":[{"name":"wp","href":"https:\/\/api.w.org\/{rel}","templated":true}]}}