{"id":996,"date":"2020-03-07T00:19:32","date_gmt":"2020-03-07T06:19:32","guid":{"rendered":"https:\/\/imperfester.com.mx\/tienda\/product\/import-placeholder-for-1353\/"},"modified":"2026-02-27T17:19:56","modified_gmt":"2026-02-27T23:19:56","slug":"fester-acriton-hibrido","status":"publish","type":"product","link":"https:\/\/imperfester.com.mx\/tienda\/product\/fester-acriton-hibrido\/","title":{"rendered":"FESTER ACRITON HIBRIDO BCO 19L"},"content":{"rendered":"<div class=\"product__descriptionText\">\n<p>FESTER ACRITON H\u00cdBRIDO\u00ae est\u00e1 elaborado a base de pol\u00edmeros con tecnolog\u00eda exclusiva de Henkel y est\u00e1 dise\u00f1ado para ofrecer el sistema impermeable con una garant\u00eda de hasta por 20 a\u00f1os.<\/p>\n<p>\u00a0<\/p>\n<p><b>USOS de la tecnolog\u00eda FESTER ACRITON H\u00cdBRIDO\u00ae<\/b><\/p>\n<ul>\n<li>Aplicaci\u00f3n sobre techos o cubiertas de l\u00e1mina en el sector industrial y comercial impermeabilizando, protegiendo y alargando la vida \u00fatil de los techos.<\/li>\n<li>Para techos con losas de concreto horizontales o inclinadas.\u00a0 \u00a0 \u00a0 \u00a0 \u00a0 \u00a0\u00a0<\/li>\n<li>Para aplicaci\u00f3n en superficies nuevas o para el mantenimiento de sistemas envejecidos, excepto asf\u00e1lticos (deben ser retirados), siempre y cuando est\u00e9n totalmente adheridos y previa aplicaci\u00f3n del primer Fester Acriton Sellador.\u00a0 \u00a0 \u00a0 \u00a0 \u00a0 \u00a0 \u00a0 \u00a0 \u00a0 \u00a0 \u00a0 \u00a0 \u00a0 \u00a0 \u00a0 \u00a0<\/li>\n<\/ul>\n<p>\u00a0<\/p>\n<p><b>VENTAJAS de la Tecnolog\u00eda FESTER ACRITON H\u00cdBRIDO\u00ae\u00a0<\/b><\/p>\n<ul>\n<li>Secado r\u00e1pido que permite la aplicaci\u00f3n del sistema completo en un d\u00eda.<\/li>\n<li>Altamente reflectivo, disminuye la temperatura al interior.<\/li>\n<li>Mantiene sus propiedades a trav\u00e9s del tiempo.<\/li>\n<li>Alta resistencia a los movimientos estructurales.<\/li>\n<li>Puede ser aplicado por sistema de aspersi\u00f3n tipo Airless.<\/li>\n<li>Sistema garantizado hasta por 20 a\u00f1os.<\/li>\n<\/ul>\n<\/div>\n<div class=\"product__benefits\">\n<p tabindex=\"-1\">\u00a0<\/p>\n<p id=\"beneficios-1\" class=\"product__benefitsTitle\" tabindex=\"-1\"><strong>BENEFICIOS<\/strong><\/p>\n<div class=\"product__benefitsList\">\n<ul>\n<li>El sistema Fester\u00ae Acriton H\u00edbrido permite hacer impermeabilizaciones completas de manera muy r\u00e1pida ya que puede ser colocado con equipo de aspersi\u00f3n airless.<\/li>\n<li>Ofrece un secado r\u00e1pido lo cual permite hacer impermeabilizaciones completas en tan solo un d\u00eda.\u00a0 \u00a0<\/li>\n<li>Tiene una mayor resistencia y durabilidad as\u00ed como una excelente adhesi\u00f3n en diferentes substratos.<\/li>\n<li>Su exclusiva formula con acr\u00edlico y poliuretano permite tener una duraci\u00f3n hasta por 20 a\u00f1os.\u00a0 \u00a0 \u00a0\u00a0<\/li>\n<li>Es altamente reflectivo ya que los rayos del sol que llegan a la superficie son radiados fuera de ella lo que permite tener ambientes mas frescos al interior y generar ahorros en el gasto de energ\u00eda el\u00e9ctrica.<\/li>\n<\/ul>\n<\/div>\n<\/div>\n","protected":false},"excerpt":{"rendered":"<p>Impermeabilizante Elastom\u00e9rico<\/p>\n","protected":false},"featured_media":488,"comment_status":"open","ping_status":"closed","template":"","meta":{"_joinchat":[]},"product_brand":[],"product_cat":[50,49],"product_tag":[51,64],"class_list":{"0":"post-996","1":"product","2":"type-product","3":"status-publish","4":"has-post-thumbnail","6":"product_cat-acrilicos","7":"product_cat-impermeabilizantes","8":"product_tag-19-l","9":"product_tag-blanco","11":"first","12":"instock","13":"sale","14":"taxable","15":"shipping-taxable","16":"purchasable","17":"product-type-simple"},"jetpack_sharing_enabled":true,"_links":{"self":[{"href":"https:\/\/imperfester.com.mx\/tienda\/wp-json\/wp\/v2\/product\/996","targetHints":{"allow":["GET"]}}],"collection":[{"href":"https:\/\/imperfester.com.mx\/tienda\/wp-json\/wp\/v2\/product"}],"about":[{"href":"https:\/\/imperfester.com.mx\/tienda\/wp-json\/wp\/v2\/types\/product"}],"replies":[{"embeddable":true,"href":"https:\/\/imperfester.com.mx\/tienda\/wp-json\/wp\/v2\/comments?post=996"}],"wp:featuredmedia":[{"embeddable":true,"href":"https:\/\/imperfester.com.mx\/tienda\/wp-json\/wp\/v2\/media\/488"}],"wp:attachment":[{"href":"https:\/\/imperfester.com.mx\/tienda\/wp-json\/wp\/v2\/media?parent=996"}],"wp:term":[{"taxonomy":"product_brand","embeddable":true,"href":"https:\/\/imperfester.com.mx\/tienda\/wp-json\/wp\/v2\/product_brand?post=996"},{"taxonomy":"product_cat","embeddable":true,"href":"https:\/\/imperfester.com.mx\/tienda\/wp-json\/wp\/v2\/product_cat?post=996"},{"taxonomy":"product_tag","embeddable":true,"href":"https:\/\/imperfester.com.mx\/tienda\/wp-json\/wp\/v2\/product_tag?post=996"}],"curies":[{"name":"wp","href":"https:\/\/api.w.org\/{rel}","templated":true}]}}