{"id":991,"date":"2020-03-07T00:19:31","date_gmt":"2020-03-07T06:19:31","guid":{"rendered":"https:\/\/imperfester.com.mx\/tienda\/product\/import-placeholder-for-1348\/"},"modified":"2026-02-27T17:23:23","modified_gmt":"2026-02-27T23:23:23","slug":"a-6","status":"publish","type":"product","link":"https:\/\/imperfester.com.mx\/tienda\/product\/a-6\/","title":{"rendered":"FESTER A 3 BCO 19L"},"content":{"rendered":"<div class=\"product__descriptionText\">\n<p>Fester A es un impermeabilizante elastom\u00e9rico que debido a su tecnolog\u00eda de r\u00e1pido secado, permite hacer la impermeabilizaci\u00f3n completa en un solo d\u00eda. Es elaborado a base de resinas acr\u00edlicas, pigmentos inorg\u00e1nicos, agregados minerales y aditivos especiales que le proporcionan secado r\u00e1pido, excelentes caracter\u00edsticas de impermeabilidad, resistencia a rayos UV, adherencia en superficie h\u00fameda, etc.<\/p>\n<p>\u00a0<\/p>\n<p><b>USOS<\/b><\/p>\n<ul>\n<li>Para impermeabilizar lozas de concreto planas o inclinadas asi como techumbre de l\u00e1mina o fibrocemento.\u00a0<\/li>\n<li>Para dar mantenimiento a sistemas envejecidos.<\/li>\n<\/ul>\n<p>\u00a0<\/p>\n<p><b>DURABILIDAD<\/b><\/p>\n<ul>\n<li>3 a\u00f1os<\/li>\n<li>5 a\u00f1os<\/li>\n<li>7 a\u00f1os<\/li>\n<\/ul>\n<p>\u00a0<\/p>\n<p><b>COLOR<\/b><\/p>\n<p>Blanco y Rojo<\/p>\n<p>\u00a0<\/p>\n<p><b>PRESENTACI\u00d3N<\/b><\/p>\n<ul>\n<li>3 a\u00f1os: Cubeta 4L y cubeta 19L<\/li>\n<li>5 a\u00f1os: Cubeta 4L y cubeta 19L<\/li>\n<li>7 a\u00f1os: Cubeta 19L<\/li>\n<\/ul>\n<p>\u00a0<\/p>\n<p><b>NORMA<\/b><\/p>\n<ul>\n<li>Cumple con las Normas: NMX-C-450-ONNCCE\u00a0<\/li>\n<li>Certificado bajo la Norma: NOM-18-ENER-2011<\/li>\n<\/ul>\n<\/div>\n<div class=\"product__benefits\">\n<p tabindex=\"-1\">\u00a0<\/p>\n<p id=\"beneficios-1\" class=\"product__benefitsTitle\" tabindex=\"-1\"><strong>BENEFICIOS<\/strong><\/p>\n<div class=\"product__benefitsList\">\n<ul>\n<li>Secado r\u00e1pido en (3 horas)*<\/li>\n<li>Resiste lluvia 3 horas despu\u00e9s de aplicado.<\/li>\n<li>Por su reflectividad en color blanco ayuda a reducir la temperatura de los interiores**<\/li>\n<\/ul>\n<h4>\u00a0<\/h4>\n<h4>OBSERVACIONES<\/h4>\n<p>* El tiempo referido es en condiciones controladas del laboratorio.\u00a0<\/p>\n<p>**Reflectividad medida a trav\u00e9s del m\u00e9todo<\/p>\n<\/div>\n<\/div>\n","protected":false},"excerpt":{"rendered":"<p>Impermeabilizante elastom\u00e9rico acr\u00edlico base agua\u00a0<\/p>\n","protected":false},"featured_media":1637,"comment_status":"open","ping_status":"closed","template":"","meta":{"_joinchat":[]},"product_brand":[],"product_cat":[50,49],"product_tag":[51,61,64],"class_list":{"0":"post-991","1":"product","2":"type-product","3":"status-publish","4":"has-post-thumbnail","6":"product_cat-acrilicos","7":"product_cat-impermeabilizantes","8":"product_tag-19-l","9":"product_tag-3-anos","10":"product_tag-blanco","12":"first","13":"instock","14":"sale","15":"taxable","16":"shipping-taxable","17":"purchasable","18":"product-type-simple"},"jetpack_sharing_enabled":true,"_links":{"self":[{"href":"https:\/\/imperfester.com.mx\/tienda\/wp-json\/wp\/v2\/product\/991","targetHints":{"allow":["GET"]}}],"collection":[{"href":"https:\/\/imperfester.com.mx\/tienda\/wp-json\/wp\/v2\/product"}],"about":[{"href":"https:\/\/imperfester.com.mx\/tienda\/wp-json\/wp\/v2\/types\/product"}],"replies":[{"embeddable":true,"href":"https:\/\/imperfester.com.mx\/tienda\/wp-json\/wp\/v2\/comments?post=991"}],"wp:featuredmedia":[{"embeddable":true,"href":"https:\/\/imperfester.com.mx\/tienda\/wp-json\/wp\/v2\/media\/1637"}],"wp:attachment":[{"href":"https:\/\/imperfester.com.mx\/tienda\/wp-json\/wp\/v2\/media?parent=991"}],"wp:term":[{"taxonomy":"product_brand","embeddable":true,"href":"https:\/\/imperfester.com.mx\/tienda\/wp-json\/wp\/v2\/product_brand?post=991"},{"taxonomy":"product_cat","embeddable":true,"href":"https:\/\/imperfester.com.mx\/tienda\/wp-json\/wp\/v2\/product_cat?post=991"},{"taxonomy":"product_tag","embeddable":true,"href":"https:\/\/imperfester.com.mx\/tienda\/wp-json\/wp\/v2\/product_tag?post=991"}],"curies":[{"name":"wp","href":"https:\/\/api.w.org\/{rel}","templated":true}]}}