{"id":985,"date":"2020-03-07T00:19:30","date_gmt":"2020-03-07T06:19:30","guid":{"rendered":"https:\/\/imperfester.com.mx\/tienda\/product\/import-placeholder-for-1342\/"},"modified":"2025-03-07T15:58:05","modified_gmt":"2025-03-07T21:58:05","slug":"fester-acriflex","status":"publish","type":"product","link":"https:\/\/imperfester.com.mx\/tienda\/product\/fester-acriflex\/","title":{"rendered":"FESTER ACRIFLEX"},"content":{"rendered":"<div class=\"product__descriptionText\">\n<p>Malla tejida en forma cuadricular elaborada con fibras de poli\u00e9ster flexible dise\u00f1ada para reforzar multidireccionalmente los sistemas impermeables.<\/p>\n<p>\u00a0<\/p>\n<p><b>USOS<\/b><\/p>\n<ul>\n<li>Como membrana de refuerzo integral de sistemas impermeables en fr\u00edo como: acr\u00edlicos, asf\u00e1lticos o de poliuretano.\u00a0<\/li>\n<li>Para reforzar puntos cr\u00edticos en impermeabilizaciones acr\u00edlicas, asf\u00e1lticas o de poliuretano.<\/li>\n<\/ul>\n<p>\u00a0<\/p>\n<p><b>RENDIMIENTO<\/b><\/p>\n<p>100 m\u00b2 por rollo<\/p>\n<p>\u00a0<\/p>\n<p><b>VENTAJAS<\/b><\/p>\n<ul>\n<li>Alta resistencia a los esfuerzos (tensi\u00f3n) que se generan tanto longitudinal como transversalmente en sistemas impermeables.<\/li>\n<li>Facilita la adherencia entre las capas de los sistemas impermeables proporcion\u00e1ndoles resistencia a los esfuerzos mec\u00e1nicos normales.<\/li>\n<li>Resiste todo tipo de condiciones clim\u00e1ticas y tiene excelente flexibilidad.<\/li>\n<li>No le afecta la acci\u00f3n de solventes, bacterias o moho.<\/li>\n<\/ul>\n<p>\u00a0<\/p>\n<p><b>PRESENTACI\u00d3N<\/b><\/p>\n<ul>\n<li>Rollo de 100m x 1.10 m<\/li>\n<\/ul>\n<\/div>\n<div class=\"product__benefits\">\n<p tabindex=\"-1\">\u00a0<\/p>\n<p id=\"beneficios-1\" class=\"product__benefitsTitle\" tabindex=\"-1\"><strong>BENEFICIOS<\/strong><\/p>\n<div class=\"product__benefitsList\">\n<ul>\n<li>Alta resistencia a la tensi\u00f3n en sistemas impermeables<\/li>\n<li>Facilita la adherencia entre capas<\/li>\n<li>Resiste todo tipo de condiciones clim\u00e1ticas<\/li>\n<\/ul>\n<\/div>\n<\/div>\n","protected":false},"excerpt":{"rendered":"<p>Membrana de refuerzo de poli\u00e9ster tejido para sistemas impermeables.<\/p>\n","protected":false},"featured_media":485,"comment_status":"open","ping_status":"closed","template":"","meta":{"_joinchat":[]},"product_brand":[],"product_cat":[50,49],"product_tag":[568],"class_list":{"0":"post-985","1":"product","2":"type-product","3":"status-publish","4":"has-post-thumbnail","6":"product_cat-acrilicos","7":"product_cat-impermeabilizantes","8":"product_tag-1-10-x-100m","10":"first","11":"instock","12":"sale","13":"taxable","14":"shipping-taxable","15":"purchasable","16":"product-type-simple"},"jetpack_sharing_enabled":true,"_links":{"self":[{"href":"https:\/\/imperfester.com.mx\/tienda\/wp-json\/wp\/v2\/product\/985","targetHints":{"allow":["GET"]}}],"collection":[{"href":"https:\/\/imperfester.com.mx\/tienda\/wp-json\/wp\/v2\/product"}],"about":[{"href":"https:\/\/imperfester.com.mx\/tienda\/wp-json\/wp\/v2\/types\/product"}],"replies":[{"embeddable":true,"href":"https:\/\/imperfester.com.mx\/tienda\/wp-json\/wp\/v2\/comments?post=985"}],"wp:featuredmedia":[{"embeddable":true,"href":"https:\/\/imperfester.com.mx\/tienda\/wp-json\/wp\/v2\/media\/485"}],"wp:attachment":[{"href":"https:\/\/imperfester.com.mx\/tienda\/wp-json\/wp\/v2\/media?parent=985"}],"wp:term":[{"taxonomy":"product_brand","embeddable":true,"href":"https:\/\/imperfester.com.mx\/tienda\/wp-json\/wp\/v2\/product_brand?post=985"},{"taxonomy":"product_cat","embeddable":true,"href":"https:\/\/imperfester.com.mx\/tienda\/wp-json\/wp\/v2\/product_cat?post=985"},{"taxonomy":"product_tag","embeddable":true,"href":"https:\/\/imperfester.com.mx\/tienda\/wp-json\/wp\/v2\/product_tag?post=985"}],"curies":[{"name":"wp","href":"https:\/\/api.w.org\/{rel}","templated":true}]}}