{"id":977,"date":"2020-03-07T00:19:29","date_gmt":"2020-03-07T06:19:29","guid":{"rendered":"https:\/\/imperfester.com.mx\/tienda\/product\/import-placeholder-for-1334\/"},"modified":"2026-02-27T17:31:03","modified_gmt":"2026-02-27T23:31:03","slug":"fester-acriton-fachadas","status":"publish","type":"product","link":"https:\/\/imperfester.com.mx\/tienda\/product\/fester-acriton-fachadas\/","title":{"rendered":"FESTER ACRITON FACHADAS"},"content":{"rendered":"<div class=\"product__descriptionText\">\n<p>Impermeabilizante acr\u00edlico base agua de acabado liso elaborado con resinas acr\u00edlicas, pigmentos inorg\u00e1nicos, agregados minerales y aditivos de primera calidad. El producto est\u00e1 dise\u00f1ado con la viscosidad ideal para cubrir fisuras en las superficies de muros y fachadas.<\/p>\n<p>\u00a0<\/p>\n<p><b>USOS<\/b><\/p>\n<ul>\n<li>Para impermeabilizar fachadas, muros de colindancia y pretiles de azotea.<\/li>\n<li>Se puede aplicar sobre materiales de tabique, ladrillo, block (bloque), concreto, placas prefabricadas, entre otras.<\/li>\n<li>Se puede aplicar sobre recubrimientos como: aplanados, texturas y pinturas bien adheridas.<\/li>\n<\/ul>\n<p>\u00a0<\/p>\n<p><b>RENDIMIENTO<\/b><\/p>\n<p>2 m\u00b2\/L en dos capas<\/p>\n<p>\u00a0<\/p>\n<p><b>VENTAJAS<\/b><\/p>\n<ul>\n<li>Protege, decora e impermeabiliza fachadas al mismo tiempo.<\/li>\n<li>Cubre fisuras de hasta 0.5 mm. de amplitud sin necesidad de resane.<\/li>\n<li>Resiste ambiente salinos y h\u00famedos.<\/li>\n<li>En color blanco, permite reflejar un alto porcentaje de los rayos solares, logrando obtener ambientes frescos en los interiores.<\/li>\n<\/ul>\n<p>\u00a0<\/p>\n<p><b>NORMA<\/b><\/p>\n<ul>\n<li>Reflectancia solar ASTM C 1549\u00a0<\/li>\n<li>Emitancia ASTM C 1371 (m\u00e9todos)<\/li>\n<\/ul>\n<p>\u00a0<\/p>\n<p><b>PRESENTACI\u00d3N<\/b><\/p>\n<ul>\n<li>Cubeta 19L<\/li>\n<\/ul>\n<\/div>\n<div class=\"product__benefits\">\n<p tabindex=\"-1\">\u00a0<\/p>\n<p id=\"beneficios-1\" class=\"product__benefitsTitle\" tabindex=\"-1\"><strong>BENEFICIOS<\/strong><\/p>\n<div class=\"product__benefitsList\">\n<ul>\n<li>Cubre fisuras y grietas hasta de 0.5 Mm.<\/li>\n<li>Ayuda a proteger las superficies contra rayos UV.<\/li>\n<li>Resiste ambientes salinos y h\u00famedos<\/li>\n<\/ul>\n<\/div>\n<\/div>\n","protected":false},"excerpt":{"rendered":"<p>Impermeabilizante acr\u00edlico de acabado liso para fachadas<\/p>\n","protected":false},"featured_media":486,"comment_status":"open","ping_status":"closed","template":"","meta":{"_joinchat":[]},"product_brand":[],"product_cat":[50,49],"product_tag":[51,52],"class_list":{"0":"post-977","1":"product","2":"type-product","3":"status-publish","4":"has-post-thumbnail","6":"product_cat-acrilicos","7":"product_cat-impermeabilizantes","8":"product_tag-19-l","9":"product_tag-liso","11":"first","12":"instock","13":"sale","14":"taxable","15":"shipping-taxable","16":"purchasable","17":"product-type-simple"},"jetpack_sharing_enabled":true,"_links":{"self":[{"href":"https:\/\/imperfester.com.mx\/tienda\/wp-json\/wp\/v2\/product\/977","targetHints":{"allow":["GET"]}}],"collection":[{"href":"https:\/\/imperfester.com.mx\/tienda\/wp-json\/wp\/v2\/product"}],"about":[{"href":"https:\/\/imperfester.com.mx\/tienda\/wp-json\/wp\/v2\/types\/product"}],"replies":[{"embeddable":true,"href":"https:\/\/imperfester.com.mx\/tienda\/wp-json\/wp\/v2\/comments?post=977"}],"wp:featuredmedia":[{"embeddable":true,"href":"https:\/\/imperfester.com.mx\/tienda\/wp-json\/wp\/v2\/media\/486"}],"wp:attachment":[{"href":"https:\/\/imperfester.com.mx\/tienda\/wp-json\/wp\/v2\/media?parent=977"}],"wp:term":[{"taxonomy":"product_brand","embeddable":true,"href":"https:\/\/imperfester.com.mx\/tienda\/wp-json\/wp\/v2\/product_brand?post=977"},{"taxonomy":"product_cat","embeddable":true,"href":"https:\/\/imperfester.com.mx\/tienda\/wp-json\/wp\/v2\/product_cat?post=977"},{"taxonomy":"product_tag","embeddable":true,"href":"https:\/\/imperfester.com.mx\/tienda\/wp-json\/wp\/v2\/product_tag?post=977"}],"curies":[{"name":"wp","href":"https:\/\/api.w.org\/{rel}","templated":true}]}}