{"id":1220,"date":"2020-03-07T00:43:07","date_gmt":"2020-03-07T06:43:07","guid":{"rendered":"https:\/\/imperfester.com.mx\/tienda\/product\/import-placeholder-for-1916\/"},"modified":"2026-02-27T14:07:31","modified_gmt":"2026-02-27T20:07:31","slug":"fester-hidroprimer-plus-wb-3","status":"publish","type":"product","link":"https:\/\/imperfester.com.mx\/tienda\/product\/fester-hidroprimer-plus-wb-3\/","title":{"rendered":"FESTER HIDROPRIMER PLUS WB"},"content":{"rendered":"<div class=\"product__descriptionText\">\n<p>Producto asf\u00e1ltico en emulsi\u00f3n de baja viscosidad y modificado con pol\u00edmeros.<\/p>\n<p><b>USOS<\/b><\/p>\n<ul>\n<li>Como primario para los sistemas impermeables que a continuaci\u00f3n se mencionan: Fester MIP (Manto Impermeable Prefabricado APP o SBS), Fester Vaportite 550, Fester Microseal 2F, Fester Microfest, Fester Microlastic, Fester Imperfest E.<\/li>\n<li>Para los selladores asf\u00e1lticos:\u00a0 Fester Plastic Cement y Fester Elastofest.<\/li>\n<\/ul>\n<p><b>VENTAJAS<\/b><\/p>\n<ul>\n<li>Secado extra r\u00e1pido, por lo que se puede caminar sobre la aplicaci\u00f3n en ~25 minutos y sin riesgo de manchar o contaminar las \u00e1reas ya terminadas con el sistema impermeable.<\/li>\n<li>La aplicaci\u00f3n es mas r\u00e1pida, c\u00f3moda y segura que con un producto base solvente.<\/li>\n<li>Sella las superficies de concreto, mortero u otras, recomendado para superficies porosas y absorbentes.<\/li>\n<li>Buena adherencia sobre superficies met\u00e1licas, galvanizadas o pintadas.<\/li>\n<li>Alta penetraci\u00f3n en elementos con poro abierto, favoreciendo la adherencia de los sistemas impermeables.<\/li>\n<li>Permite efectuar impermeabilizaciones a\u00fan en temporada de lluvias, siempre y cuando, el \u00e1rea a tratar est\u00e9 superficialmente seca (de un d\u00eda para otro) para evitar abolsamientos o burbujas derivado de la humedad dentro del concreto.<\/li>\n<\/ul>\n<\/div>\n<div class=\"product__benefits\">\n<p id=\"beneficios-1\" class=\"product__benefitsTitle\" tabindex=\"-1\"><strong>BENEFICIOS<\/strong><\/p>\n<div class=\"product__benefitsList\">\n<ul>\n<li>Un primario para todos los sistemas impermeables asf\u00e1lticos y prefabricados.<\/li>\n<li>Secado extra-r\u00e1pido de 2 horas vs 4 horas de Fester Hidroprimer @25\u00b0C &amp; 50 H.R.<\/li>\n<li>20% mayor rendimiento vs Fester Hidroprimer, rinde hasta 6 m2\/L sin diluir.<\/li>\n<li>80% Mayor rendimiento vs Fester Microprimer, rinde hasta 35 m2\/L.<\/li>\n<li>Producto libre de solventes, recomendado para aplicaciones en interiores y en superficies h\u00famedas.<\/li>\n<li>Mejora la adherencia del impermeabilizante vs otros productos del mercado.<\/li>\n<li>Puede ser aplicado en superficies secas o h\u00famedas (no mojadas).<\/li>\n<\/ul>\n<\/div>\n<\/div>\n","protected":false},"excerpt":{"rendered":"<p>imprimador asf\u00e1ltico-polim\u00e9rico base agua<\/p>\n","protected":false},"featured_media":1211,"comment_status":"open","ping_status":"closed","template":"","meta":{"_joinchat":[]},"product_brand":[],"product_cat":[78,49],"product_tag":[77],"class_list":{"0":"post-1220","1":"product","2":"type-product","3":"status-publish","4":"has-post-thumbnail","6":"product_cat-asfaltico","7":"product_cat-impermeabilizantes","8":"product_tag-200-l","10":"first","11":"instock","12":"taxable","13":"shipping-taxable","14":"purchasable","15":"product-type-simple"},"jetpack_sharing_enabled":true,"_links":{"self":[{"href":"https:\/\/imperfester.com.mx\/tienda\/wp-json\/wp\/v2\/product\/1220","targetHints":{"allow":["GET"]}}],"collection":[{"href":"https:\/\/imperfester.com.mx\/tienda\/wp-json\/wp\/v2\/product"}],"about":[{"href":"https:\/\/imperfester.com.mx\/tienda\/wp-json\/wp\/v2\/types\/product"}],"replies":[{"embeddable":true,"href":"https:\/\/imperfester.com.mx\/tienda\/wp-json\/wp\/v2\/comments?post=1220"}],"wp:featuredmedia":[{"embeddable":true,"href":"https:\/\/imperfester.com.mx\/tienda\/wp-json\/wp\/v2\/media\/1211"}],"wp:attachment":[{"href":"https:\/\/imperfester.com.mx\/tienda\/wp-json\/wp\/v2\/media?parent=1220"}],"wp:term":[{"taxonomy":"product_brand","embeddable":true,"href":"https:\/\/imperfester.com.mx\/tienda\/wp-json\/wp\/v2\/product_brand?post=1220"},{"taxonomy":"product_cat","embeddable":true,"href":"https:\/\/imperfester.com.mx\/tienda\/wp-json\/wp\/v2\/product_cat?post=1220"},{"taxonomy":"product_tag","embeddable":true,"href":"https:\/\/imperfester.com.mx\/tienda\/wp-json\/wp\/v2\/product_tag?post=1220"}],"curies":[{"name":"wp","href":"https:\/\/api.w.org\/{rel}","templated":true}]}}