{"id":1208,"date":"2020-03-07T00:21:17","date_gmt":"2020-03-07T06:21:17","guid":{"rendered":"https:\/\/imperfester.com.mx\/tienda\/product\/fester-cl-51-2\/"},"modified":"2026-02-27T14:11:15","modified_gmt":"2026-02-27T20:11:15","slug":"fester-cl-52-1","status":"publish","type":"product","link":"https:\/\/imperfester.com.mx\/tienda\/product\/fester-cl-52-1\/","title":{"rendered":"FESTER CL-52"},"content":{"rendered":"<div class=\"product__descriptionText\">\n<p>Producto flexible fabricado con pol\u00edmeros de alta calidad en dispersi\u00f3n acuosa, con agregados, pigmentos y aditivos que le brindan gran rapidez en el secado, alta impermeabilidad y duraci\u00f3n.<\/p>\n<p><b>PRESENTACI\u00d3N<\/b><\/p>\n<ul>\n<li>Cubeta\u00a0 4 L<\/li>\n<li>Cubeta 19L<\/li>\n<\/ul>\n<p><b>COLOR<\/b><\/p>\n<p>Azul<\/p>\n<\/div>\n","protected":false},"excerpt":{"rendered":"<p>Membrana impermeable monocomponente, lista para usarse y de secado extra r\u00e1pido.<\/p>\n","protected":false},"featured_media":1810,"comment_status":"open","ping_status":"closed","template":"","meta":{"_joinchat":[]},"product_brand":[],"product_cat":[50,49],"product_tag":[51,518],"class_list":{"0":"post-1208","1":"product","2":"type-product","3":"status-publish","4":"has-post-thumbnail","6":"product_cat-acrilicos","7":"product_cat-impermeabilizantes","8":"product_tag-19-l","9":"product_tag-cubeta","11":"first","12":"instock","13":"sale","14":"taxable","15":"shipping-taxable","16":"purchasable","17":"product-type-simple"},"jetpack_sharing_enabled":true,"_links":{"self":[{"href":"https:\/\/imperfester.com.mx\/tienda\/wp-json\/wp\/v2\/product\/1208","targetHints":{"allow":["GET"]}}],"collection":[{"href":"https:\/\/imperfester.com.mx\/tienda\/wp-json\/wp\/v2\/product"}],"about":[{"href":"https:\/\/imperfester.com.mx\/tienda\/wp-json\/wp\/v2\/types\/product"}],"replies":[{"embeddable":true,"href":"https:\/\/imperfester.com.mx\/tienda\/wp-json\/wp\/v2\/comments?post=1208"}],"wp:featuredmedia":[{"embeddable":true,"href":"https:\/\/imperfester.com.mx\/tienda\/wp-json\/wp\/v2\/media\/1810"}],"wp:attachment":[{"href":"https:\/\/imperfester.com.mx\/tienda\/wp-json\/wp\/v2\/media?parent=1208"}],"wp:term":[{"taxonomy":"product_brand","embeddable":true,"href":"https:\/\/imperfester.com.mx\/tienda\/wp-json\/wp\/v2\/product_brand?post=1208"},{"taxonomy":"product_cat","embeddable":true,"href":"https:\/\/imperfester.com.mx\/tienda\/wp-json\/wp\/v2\/product_cat?post=1208"},{"taxonomy":"product_tag","embeddable":true,"href":"https:\/\/imperfester.com.mx\/tienda\/wp-json\/wp\/v2\/product_tag?post=1208"}],"curies":[{"name":"wp","href":"https:\/\/api.w.org\/{rel}","templated":true}]}}