{"id":1207,"date":"2020-03-07T00:21:17","date_gmt":"2020-03-07T06:21:17","guid":{"rendered":"https:\/\/imperfester.com.mx\/tienda\/product\/fester-cl-51\/"},"modified":"2026-02-27T14:12:25","modified_gmt":"2026-02-27T20:12:25","slug":"fester-cl-52","status":"publish","type":"product","link":"https:\/\/imperfester.com.mx\/tienda\/product\/fester-cl-52\/","title":{"rendered":"FESTER CL-52"},"content":{"rendered":"<div class=\"product__descriptionText\">\n<p>Producto flexible fabricado con pol\u00edmeros de alta calidad en dispersi\u00f3n acuosa, con agregados, pigmentos y aditivos que le brindan gran rapidez en el secado, alta impermeabilidad y duraci\u00f3n.<\/p>\n<p>&nbsp;<\/p>\n<p><b>PRESENTACI\u00d3N<\/b><\/p>\n<ul>\n<li>Cubeta\u00a0 4 L<\/li>\n<li>Cubeta 19L<\/li>\n<\/ul>\n<p>&nbsp;<\/p>\n<p><b>COLOR<\/b><\/p>\n<p>Azul<\/p>\n<\/div>\n","protected":false},"excerpt":{"rendered":"<p>Membrana impermeable monocomponente, lista para usarse y de secado extra r\u00e1pido.<\/p>\n","protected":false},"featured_media":1809,"comment_status":"open","ping_status":"closed","template":"","meta":{"_joinchat":[]},"product_brand":[],"product_cat":[50,49],"product_tag":[54],"class_list":{"0":"post-1207","1":"product","2":"type-product","3":"status-publish","4":"has-post-thumbnail","6":"product_cat-acrilicos","7":"product_cat-impermeabilizantes","8":"product_tag-4-l","10":"first","11":"instock","12":"taxable","13":"shipping-taxable","14":"purchasable","15":"product-type-simple"},"jetpack_sharing_enabled":true,"_links":{"self":[{"href":"https:\/\/imperfester.com.mx\/tienda\/wp-json\/wp\/v2\/product\/1207","targetHints":{"allow":["GET"]}}],"collection":[{"href":"https:\/\/imperfester.com.mx\/tienda\/wp-json\/wp\/v2\/product"}],"about":[{"href":"https:\/\/imperfester.com.mx\/tienda\/wp-json\/wp\/v2\/types\/product"}],"replies":[{"embeddable":true,"href":"https:\/\/imperfester.com.mx\/tienda\/wp-json\/wp\/v2\/comments?post=1207"}],"wp:featuredmedia":[{"embeddable":true,"href":"https:\/\/imperfester.com.mx\/tienda\/wp-json\/wp\/v2\/media\/1809"}],"wp:attachment":[{"href":"https:\/\/imperfester.com.mx\/tienda\/wp-json\/wp\/v2\/media?parent=1207"}],"wp:term":[{"taxonomy":"product_brand","embeddable":true,"href":"https:\/\/imperfester.com.mx\/tienda\/wp-json\/wp\/v2\/product_brand?post=1207"},{"taxonomy":"product_cat","embeddable":true,"href":"https:\/\/imperfester.com.mx\/tienda\/wp-json\/wp\/v2\/product_cat?post=1207"},{"taxonomy":"product_tag","embeddable":true,"href":"https:\/\/imperfester.com.mx\/tienda\/wp-json\/wp\/v2\/product_tag?post=1207"}],"curies":[{"name":"wp","href":"https:\/\/api.w.org\/{rel}","templated":true}]}}