{"id":1199,"date":"2020-03-07T00:21:09","date_gmt":"2020-03-07T06:21:09","guid":{"rendered":"https:\/\/imperfester.com.mx\/tienda\/product\/import-placeholder-for-1557\/"},"modified":"2026-02-27T14:16:26","modified_gmt":"2026-02-27T20:16:26","slug":"festex-silicon-3","status":"publish","type":"product","link":"https:\/\/imperfester.com.mx\/tienda\/product\/festex-silicon-3\/","title":{"rendered":"FESTEX SILICON 19L"},"content":{"rendered":"<div class=\"product__descriptionText\">\n<p>Soluci\u00f3n hidrofugante de r\u00e1pida aplicaci\u00f3n compuesta de resina silicona en solvente vol\u00e1til de alto poder penetrante. Contiene un poderoso agente impregnante que modifica los poros de la superficie a tratar cubri\u00e9ndolos con silic\u00f3n, pol\u00edmero de alta resistencia.<\/p>\n<p>\u00a0<\/p>\n<p><b>USOS<\/b><\/p>\n<p>Como repelente de agua y tratamiento protector para muros exteriores de: concreto, tabique, canteras y similares.<\/p>\n<p>\u00a0<\/p>\n<p><b>RENDIMIENTO<\/b><\/p>\n<ul>\n<li>Sobre concreto: 3 a 5 m\u00b2\/L\u00a0 variable seg\u00fan porosidad y absorci\u00f3n de la superficie.<\/li>\n<li>Sobre aplanado: 1.5 a 2 m\u00b2\/L variable seg\u00fan porosidad y absorci\u00f3n de la superficie.<\/li>\n<li>Sobre tabique aparente: 0.75 a 1 m\u00b2\/L variable seg\u00fan porosidad y absorci\u00f3n de la superficie.<\/li>\n<\/ul>\n<p>\u00a0<\/p>\n<p><b>VENTAJAS<\/b><\/p>\n<ul>\n<li>Forma una barrera protectora transparente que aten\u00faa la acci\u00f3n de la intemperie y lluvia \u00e1cida.<\/li>\n<li>No altera la apariencia original del muro.<\/li>\n<li>Permite \u201crespirar\u201d a la superficie, dejando escapar el vapor acumulado en los muros y previene la formaci\u00f3n de hongos, musgos y colonias de par\u00e1sitos sobre la superficie tratada.<\/li>\n<li>Resiste todo tipo de climas.<\/li>\n<\/ul>\n<p>\u00a0<\/p>\n<p><b>PRESENTACI\u00d3N<\/b><\/p>\n<ul>\n<li>Bote 4L<\/li>\n<li>Cubeta 19L<\/li>\n<li>Tambo 200L<\/li>\n<\/ul>\n<\/div>\n<div class=\"product__benefits\">\n<p tabindex=\"-1\">\u00a0<\/p>\n<p id=\"beneficios-1\" class=\"product__benefitsTitle\" tabindex=\"-1\"><strong>BENEFICIOS<\/strong><\/p>\n<div class=\"product__benefitsList\">\n<ul>\n<li>Forma una barrera protectora transparente que aten\u00faa la acci\u00f3n de la intemperie y lluvia \u00e1cida.<\/li>\n<li>No altera la apariencia original del muro.<\/li>\n<li>Permite el escape del vapor acumulado en los muros previniendo la formaci\u00f3n de hongos, musgos y colonias de par\u00e1sitos.<\/li>\n<\/ul>\n<\/div>\n<\/div>\n","protected":false},"excerpt":{"rendered":"<p>Repelente incoloro para muros exteriores<\/p>\n","protected":false},"featured_media":437,"comment_status":"open","ping_status":"closed","template":"","meta":{"_joinchat":[]},"product_brand":[],"product_cat":[207,195],"product_tag":[51,518],"class_list":{"0":"post-1199","1":"product","2":"type-product","3":"status-publish","4":"has-post-thumbnail","6":"product_cat-festex-silicon","7":"product_cat-tratamientos-para-superficies","8":"product_tag-19-l","9":"product_tag-cubeta","11":"first","12":"instock","13":"sale","14":"taxable","15":"shipping-taxable","16":"purchasable","17":"product-type-simple"},"jetpack_sharing_enabled":true,"_links":{"self":[{"href":"https:\/\/imperfester.com.mx\/tienda\/wp-json\/wp\/v2\/product\/1199","targetHints":{"allow":["GET"]}}],"collection":[{"href":"https:\/\/imperfester.com.mx\/tienda\/wp-json\/wp\/v2\/product"}],"about":[{"href":"https:\/\/imperfester.com.mx\/tienda\/wp-json\/wp\/v2\/types\/product"}],"replies":[{"embeddable":true,"href":"https:\/\/imperfester.com.mx\/tienda\/wp-json\/wp\/v2\/comments?post=1199"}],"wp:featuredmedia":[{"embeddable":true,"href":"https:\/\/imperfester.com.mx\/tienda\/wp-json\/wp\/v2\/media\/437"}],"wp:attachment":[{"href":"https:\/\/imperfester.com.mx\/tienda\/wp-json\/wp\/v2\/media?parent=1199"}],"wp:term":[{"taxonomy":"product_brand","embeddable":true,"href":"https:\/\/imperfester.com.mx\/tienda\/wp-json\/wp\/v2\/product_brand?post=1199"},{"taxonomy":"product_cat","embeddable":true,"href":"https:\/\/imperfester.com.mx\/tienda\/wp-json\/wp\/v2\/product_cat?post=1199"},{"taxonomy":"product_tag","embeddable":true,"href":"https:\/\/imperfester.com.mx\/tienda\/wp-json\/wp\/v2\/product_tag?post=1199"}],"curies":[{"name":"wp","href":"https:\/\/api.w.org\/{rel}","templated":true}]}}