{"id":1194,"date":"2020-03-07T00:21:08","date_gmt":"2020-03-07T06:21:08","guid":{"rendered":"https:\/\/imperfester.com.mx\/tienda\/product\/import-placeholder-for-1552\/"},"modified":"2026-02-27T15:05:14","modified_gmt":"2026-02-27T21:05:14","slug":"festermicide","status":"publish","type":"product","link":"https:\/\/imperfester.com.mx\/tienda\/product\/festermicide\/","title":{"rendered":"FESTERMICIDE"},"content":{"rendered":"<div class=\"product__descriptionText\">\n<p>L\u00edquido transparente libre de solventes arom\u00e1ticos de alta penetraci\u00f3n, eficaz contra insectos destructores de madera, que impregna la madera protegi\u00e9ndola contra comej\u00e9n, polilla y hongos. Evita la putrefacci\u00f3n y agrietamiento por resequedad al tiempo que controla el hongo azul que produce manchas azules, verde-amarillas y grises.<\/p>\n<p>\u00a0<\/p>\n<p><b>USOS<\/b><\/p>\n<ul>\n<li>Muebles, esculturas y antig\u00fcedades.<\/li>\n<li>Pisos de duela o parquet.<\/li>\n<li>Marcos, puertas, ventanas y artesonados.<\/li>\n<\/ul>\n<p>\u00a0<\/p>\n<p><b>RENDIMIENTO<\/b><\/p>\n<p>1 litro cubre aproximadamente 5 m\u00b2<\/p>\n<p>\u00a0<\/p>\n<p><b>VENTAJAS<\/b><\/p>\n<ul>\n<li>Penetra profundamente en la madera.<\/li>\n<li>Puede ser usado de manera preventiva y correctiva.<\/li>\n<li>No modifica la apariencia de la madera.<\/li>\n<\/ul>\n<p>\u00a0<\/p>\n<p><b>PRESENTACI\u00d3N<\/b><\/p>\n<ul>\n<li>Bote 4L<\/li>\n<li>Cubeta 19L<\/li>\n<li>Tambo 200L<\/li>\n<\/ul>\n<\/div>\n<div class=\"product__benefits\">\n<p tabindex=\"-1\">\u00a0<\/p>\n<p id=\"beneficios-1\" class=\"product__benefitsTitle\" tabindex=\"-1\"><strong>BENEFICIOS<\/strong><\/p>\n<div class=\"product__benefitsList\">\n<ul>\n<li>Penetra profundamente en la madera.<\/li>\n<li>Puede ser usado de manera preventiva y correctiva.<\/li>\n<li>No modifica la apariencia de la madera.<\/li>\n<\/ul>\n<\/div>\n<\/div>\n","protected":false},"excerpt":{"rendered":"<p>Tratamiento protector y conservador para madera.<\/p>\n","protected":false},"featured_media":435,"comment_status":"open","ping_status":"closed","template":"","meta":{"_joinchat":[]},"product_brand":[],"product_cat":[205,195],"product_tag":[54],"class_list":{"0":"post-1194","1":"product","2":"type-product","3":"status-publish","4":"has-post-thumbnail","6":"product_cat-festermicide","7":"product_cat-tratamientos-para-superficies","8":"product_tag-4-l","10":"first","11":"instock","12":"taxable","13":"shipping-taxable","14":"purchasable","15":"product-type-simple"},"jetpack_sharing_enabled":true,"_links":{"self":[{"href":"https:\/\/imperfester.com.mx\/tienda\/wp-json\/wp\/v2\/product\/1194","targetHints":{"allow":["GET"]}}],"collection":[{"href":"https:\/\/imperfester.com.mx\/tienda\/wp-json\/wp\/v2\/product"}],"about":[{"href":"https:\/\/imperfester.com.mx\/tienda\/wp-json\/wp\/v2\/types\/product"}],"replies":[{"embeddable":true,"href":"https:\/\/imperfester.com.mx\/tienda\/wp-json\/wp\/v2\/comments?post=1194"}],"wp:featuredmedia":[{"embeddable":true,"href":"https:\/\/imperfester.com.mx\/tienda\/wp-json\/wp\/v2\/media\/435"}],"wp:attachment":[{"href":"https:\/\/imperfester.com.mx\/tienda\/wp-json\/wp\/v2\/media?parent=1194"}],"wp:term":[{"taxonomy":"product_brand","embeddable":true,"href":"https:\/\/imperfester.com.mx\/tienda\/wp-json\/wp\/v2\/product_brand?post=1194"},{"taxonomy":"product_cat","embeddable":true,"href":"https:\/\/imperfester.com.mx\/tienda\/wp-json\/wp\/v2\/product_cat?post=1194"},{"taxonomy":"product_tag","embeddable":true,"href":"https:\/\/imperfester.com.mx\/tienda\/wp-json\/wp\/v2\/product_tag?post=1194"}],"curies":[{"name":"wp","href":"https:\/\/api.w.org\/{rel}","templated":true}]}}