{"id":1190,"date":"2020-03-07T00:21:08","date_gmt":"2020-03-07T06:21:08","guid":{"rendered":"https:\/\/imperfester.com.mx\/tienda\/product\/import-placeholder-for-1548\/"},"modified":"2026-02-27T15:06:46","modified_gmt":"2026-02-27T21:06:46","slug":"fester-epoxine-500-2","status":"publish","type":"product","link":"https:\/\/imperfester.com.mx\/tienda\/product\/fester-epoxine-500-2\/","title":{"rendered":"FESTER EPOXINE 500"},"content":{"rendered":"<div class=\"product__descriptionText\">\n<div class=\"product__descriptionText\">\n<p>Primario ep\u00f3xico 100% s\u00f3lidos (libre de solventes) para imprimaci\u00f3n del concreto antes de aplicar Fester Epoxine\u00ae 500. Este producto est\u00e1 constituido por dos componentes y presenta excelentes propiedades de aplicaci\u00f3n, penetraci\u00f3n en el concreto y adherencia.<\/p>\n<p>\u00a0<\/p>\n<p><b>USOS<\/b><\/p>\n<p>Este producto est\u00e1 dise\u00f1ado para imprimar el concreto antes de la aplicaci\u00f3n de Fester Epoxine\u00ae 500, especialmente en cisternas, albercas y muros ya que sella la superficie promoviendo la adherencia.<\/p>\n<p>\u00a0<\/p>\n<p><b>RENDIMIENTO<\/b><\/p>\n<p>5 m\u00b2\/L por mano \/\/ 8 &#8211; 10 mils por mano<\/p>\n<p>\u00a0<\/p>\n<p><b>VENTAJAS<\/b><\/p>\n<ul>\n<li>Facilidad de aplicaci\u00f3n. Puede ser aplicado manualmente mediante rodillo de felpa \u201crasurado\u201d, cepillo de pelo y brocha.<\/li>\n<li>Alta penetraci\u00f3n en el concreto mejorando la adherencia.<\/li>\n<li>Curado r\u00e1pido.<\/li>\n<\/ul>\n<p>\u00a0<\/p>\n<p><b>NORMA<\/b><\/p>\n<ul>\n<li>Norma Oficial Mexicana NOM &#8211; 127 -SSA -1994 y su modificacion del a\u00f1o 2000<\/li>\n<\/ul>\n<p><b><br \/>COLOR<\/b><\/p>\n<ul>\n<li>Azul claro<\/li>\n<li>Blanco<\/li>\n<\/ul>\n<p><b><br \/>PRESENTACI\u00d3N<\/b><\/p>\n<ul>\n<li>Parte A: Bote de 4L con 2.86L\u00a0<\/li>\n<li>Parte B: Bote de 4L con 1.2L<\/li>\n<\/ul>\n<\/div>\n<div class=\"product__benefits\">\n<p tabindex=\"-1\">\u00a0<\/p>\n<p id=\"beneficios-1\" class=\"product__benefitsTitle\" tabindex=\"-1\"><strong>BENEFICIOS<\/strong><\/p>\n<div class=\"product__benefitsList\">\n<ul>\n<li>F\u00e1cil de aplicar.<\/li>\n<li>Alta penetraci\u00f3n en el concreto mejorando la adherencia.<\/li>\n<li>Curado r\u00e1pido.<\/li>\n<\/ul>\n<\/div>\n<\/div>\n<\/div>\n","protected":false},"excerpt":{"rendered":"<p>Primario ep\u00f3xico para superficies h\u00famedas.<\/p>\n","protected":false},"featured_media":432,"comment_status":"open","ping_status":"closed","template":"","meta":{"_joinchat":[]},"product_brand":[],"product_cat":[198,195],"product_tag":[64,126],"class_list":{"0":"post-1190","1":"product","2":"type-product","3":"status-publish","4":"has-post-thumbnail","6":"product_cat-fester-epoxine-tratamientos-para-superficies","7":"product_cat-tratamientos-para-superficies","8":"product_tag-blanco","9":"product_tag-primer","11":"first","12":"instock","13":"taxable","14":"shipping-taxable","15":"purchasable","16":"product-type-simple"},"jetpack_sharing_enabled":true,"_links":{"self":[{"href":"https:\/\/imperfester.com.mx\/tienda\/wp-json\/wp\/v2\/product\/1190","targetHints":{"allow":["GET"]}}],"collection":[{"href":"https:\/\/imperfester.com.mx\/tienda\/wp-json\/wp\/v2\/product"}],"about":[{"href":"https:\/\/imperfester.com.mx\/tienda\/wp-json\/wp\/v2\/types\/product"}],"replies":[{"embeddable":true,"href":"https:\/\/imperfester.com.mx\/tienda\/wp-json\/wp\/v2\/comments?post=1190"}],"wp:featuredmedia":[{"embeddable":true,"href":"https:\/\/imperfester.com.mx\/tienda\/wp-json\/wp\/v2\/media\/432"}],"wp:attachment":[{"href":"https:\/\/imperfester.com.mx\/tienda\/wp-json\/wp\/v2\/media?parent=1190"}],"wp:term":[{"taxonomy":"product_brand","embeddable":true,"href":"https:\/\/imperfester.com.mx\/tienda\/wp-json\/wp\/v2\/product_brand?post=1190"},{"taxonomy":"product_cat","embeddable":true,"href":"https:\/\/imperfester.com.mx\/tienda\/wp-json\/wp\/v2\/product_cat?post=1190"},{"taxonomy":"product_tag","embeddable":true,"href":"https:\/\/imperfester.com.mx\/tienda\/wp-json\/wp\/v2\/product_tag?post=1190"}],"curies":[{"name":"wp","href":"https:\/\/api.w.org\/{rel}","templated":true}]}}