{"id":1189,"date":"2020-03-07T00:21:07","date_gmt":"2020-03-07T06:21:07","guid":{"rendered":"https:\/\/imperfester.com.mx\/tienda\/product\/import-placeholder-for-1547\/"},"modified":"2026-02-27T15:07:30","modified_gmt":"2026-02-27T21:07:30","slug":"fester-epoxine-500","status":"publish","type":"product","link":"https:\/\/imperfester.com.mx\/tienda\/product\/fester-epoxine-500\/","title":{"rendered":"FESTER EPOXINE 500"},"content":{"rendered":"<div class=\"product__descriptionText\">\n<p>Recubrimiento ep\u00f3xico am\u00ednico termofijo de dos componentes 100% s\u00f3lidos (libre de solventes) de media viscosidad, donde no se requiere alta resistencia qu\u00edmica. Fester Epoxine\u00ae 500 presenta buenas propiedades de adherencia, alta resistencia al desgaste por abrasi\u00f3n y buena resistencia qu\u00edmica.<\/p>\n<p>\u00a0<\/p>\n<p><b>USOS<\/b><\/p>\n<p>Para recubrir y lograr acabado liso brillante en pisos, muros y losas de: cisternas para agua potable; albercas y espejos de agua; silos para granos; muros de \u00e1reas s\u00e9pticas.<\/p>\n<p>\u00a0<\/p>\n<p><b>RENDIMIENTO<\/b><\/p>\n<p>5 m\u00b2\/L por mano dejando espesor aproximado de 8 mils por mano<\/p>\n<p>\u00a0<\/p>\n<p><b>VENTAJAS<\/b><\/p>\n<ul>\n<li>Puede estar en contacto directo con agua potable y alimentos sin contaminarlos.<\/li>\n<li>Resistente a la abrasi\u00f3n.<\/li>\n<li>Buena resistencia a aceites, grasas y la mayor\u00eda de los productos qu\u00edmicos diluidos con corrosi\u00f3n moderada; protege los elementos contra el deterioro ocasionado por humedad y ambientes salinos.<\/li>\n<\/ul>\n<p>\u00a0<\/p>\n<p><b>NORMA<\/b><\/p>\n<ul>\n<li>Norma Oficial Mexicana NOM &#8211; 127 -SSA -1994 y su modificacion del a\u00f1o 2000<\/li>\n<\/ul>\n<p><b><br \/>COLOR<\/b><\/p>\n<ul>\n<li>Azul claro<\/li>\n<li>Blanco<\/li>\n<\/ul>\n<p><b><br \/>PRESENTACI\u00d3N<\/b><\/p>\n<ul>\n<li>Parte A: Bote de 4L con 2.9L\u00a0<\/li>\n<li>Parte B: Bote de 4L con 1.1L<\/li>\n<\/ul>\n<\/div>\n<div class=\"product__benefits\">\n<p tabindex=\"-1\">\u00a0<\/p>\n<p id=\"beneficios-1\" class=\"product__benefitsTitle\" tabindex=\"-1\"><strong>BENEFICIOS<\/strong><\/p>\n<div class=\"product__benefitsList\">\n<ul>\n<li>Puede estar en contacto directo con agua potable y alimentos sin contaminarlos.<\/li>\n<li>Resistente a la abrasi\u00f3n.<\/li>\n<li>Protege los elementos contra el deterioro ocasionado por humedad y ambientes salinos.<\/li>\n<\/ul>\n<\/div>\n<\/div>\n","protected":false},"excerpt":{"rendered":"<p>Recubrimiento ep\u00f3xico de acabado vidriado<\/p>\n","protected":false},"featured_media":433,"comment_status":"open","ping_status":"closed","template":"","meta":{"_joinchat":[]},"product_brand":[],"product_cat":[198,195],"product_tag":[200,201],"class_list":{"0":"post-1189","1":"product","2":"type-product","3":"status-publish","4":"has-post-thumbnail","6":"product_cat-fester-epoxine-tratamientos-para-superficies","7":"product_cat-tratamientos-para-superficies","8":"product_tag-azul","9":"product_tag-recubrimiento","11":"first","12":"instock","13":"taxable","14":"shipping-taxable","15":"purchasable","16":"product-type-simple"},"jetpack_sharing_enabled":true,"_links":{"self":[{"href":"https:\/\/imperfester.com.mx\/tienda\/wp-json\/wp\/v2\/product\/1189","targetHints":{"allow":["GET"]}}],"collection":[{"href":"https:\/\/imperfester.com.mx\/tienda\/wp-json\/wp\/v2\/product"}],"about":[{"href":"https:\/\/imperfester.com.mx\/tienda\/wp-json\/wp\/v2\/types\/product"}],"replies":[{"embeddable":true,"href":"https:\/\/imperfester.com.mx\/tienda\/wp-json\/wp\/v2\/comments?post=1189"}],"wp:featuredmedia":[{"embeddable":true,"href":"https:\/\/imperfester.com.mx\/tienda\/wp-json\/wp\/v2\/media\/433"}],"wp:attachment":[{"href":"https:\/\/imperfester.com.mx\/tienda\/wp-json\/wp\/v2\/media?parent=1189"}],"wp:term":[{"taxonomy":"product_brand","embeddable":true,"href":"https:\/\/imperfester.com.mx\/tienda\/wp-json\/wp\/v2\/product_brand?post=1189"},{"taxonomy":"product_cat","embeddable":true,"href":"https:\/\/imperfester.com.mx\/tienda\/wp-json\/wp\/v2\/product_cat?post=1189"},{"taxonomy":"product_tag","embeddable":true,"href":"https:\/\/imperfester.com.mx\/tienda\/wp-json\/wp\/v2\/product_tag?post=1189"}],"curies":[{"name":"wp","href":"https:\/\/api.w.org\/{rel}","templated":true}]}}