{"id":1173,"date":"2020-03-07T00:20:56","date_gmt":"2020-03-07T06:20:56","guid":{"rendered":"https:\/\/imperfester.com.mx\/tienda\/product\/import-placeholder-for-1530\/"},"modified":"2025-03-07T15:57:57","modified_gmt":"2025-03-07T21:57:57","slug":"fester-espuma-expansiva","status":"publish","type":"product","link":"https:\/\/imperfester.com.mx\/tienda\/product\/fester-espuma-expansiva\/","title":{"rendered":"Fester Espuma Expansiva"},"content":{"rendered":"<div class=\"product__descriptionText\">\n<p>Junteador\/rellenador ep\u00f3xico de 3 componentes, 100% s\u00f3lidos (libre de solventes) con excelente resistencia qu\u00edmica; dise\u00f1ado para aplicarse en juntas o boquillas de loseta anti\u00e1cida y otros tipos de loseta cer\u00e1mica de uso industrial.<\/p>\n<p>\u00a0<\/p>\n<p><b>USOS<\/b><\/p>\n<ul>\n<li>Para juntear loseta anti\u00e1cida, cer\u00e1mica, baldosas o azulejos de uso industrial.<\/li>\n<li>Para formar una capa adhesiva sobre el concreto antes de recibir las losetas a colocar.<\/li>\n<\/ul>\n<p>\u00a0<\/p>\n<p><b>VENTAJAS<\/b><\/p>\n<ul>\n<li>No requiere mano de obra especializada ni primario.<\/li>\n<li>Puede usarse en \u00e1reas donde se requieran condiciones sanitarias.<\/li>\n<li>Tiene alta resistencia al ataque qu\u00edmico y por bacterias.<\/li>\n<li>No desprende olores desagradables.<\/li>\n<\/ul>\n<p>\u00a0<\/p>\n<p><b>NORMA<\/b><\/p>\n<ul>\n<li>NORMA OFICAL MEXICANA NOM &#8211; 127 -SSA AI &#8211; 1994<\/li>\n<\/ul>\n<p><b><br \/>PRESENTACI\u00d3N<\/b><\/p>\n<ul>\n<li>Parte A: Bote 1L con 945ml\u00a0<\/li>\n<li>Parte B: Bote 1L con 380ml\u00a0<\/li>\n<li>Parte C: Bolsa polietileno con 4.5kg<\/li>\n<\/ul>\n<\/div>\n<div class=\"product__benefits\">\n<p tabindex=\"-1\">\u00a0<\/p>\n<p id=\"beneficios-1\" class=\"product__benefitsTitle\" tabindex=\"-1\"><strong>BENEFICIOS<\/strong><\/p>\n<div class=\"product__benefitsList\">\n<ul>\n<li>Protege el concreto contra ataque qu\u00edmico.<\/li>\n<li>Puede aplicarse en c\u00e1maras fr\u00edas.<\/li>\n<li>No requiere primario.<\/li>\n<\/ul>\n<\/div>\n<\/div>\n","protected":false},"excerpt":{"rendered":"<p>Espuma expansiva de poliuretano<\/p>\n","protected":false},"featured_media":421,"comment_status":"open","ping_status":"closed","template":"","meta":{"_joinchat":[]},"product_brand":[],"product_cat":[187,134],"product_tag":[588,589],"class_list":{"0":"post-1173","1":"product","2":"type-product","3":"status-publish","4":"has-post-thumbnail","6":"product_cat-fester-espuma-expansiva","7":"product_cat-selladores-y-resanadores","8":"product_tag-750-ml","9":"product_tag-lata","11":"first","12":"instock","13":"taxable","14":"shipping-taxable","15":"purchasable","16":"product-type-simple"},"jetpack_sharing_enabled":true,"_links":{"self":[{"href":"https:\/\/imperfester.com.mx\/tienda\/wp-json\/wp\/v2\/product\/1173","targetHints":{"allow":["GET"]}}],"collection":[{"href":"https:\/\/imperfester.com.mx\/tienda\/wp-json\/wp\/v2\/product"}],"about":[{"href":"https:\/\/imperfester.com.mx\/tienda\/wp-json\/wp\/v2\/types\/product"}],"replies":[{"embeddable":true,"href":"https:\/\/imperfester.com.mx\/tienda\/wp-json\/wp\/v2\/comments?post=1173"}],"wp:featuredmedia":[{"embeddable":true,"href":"https:\/\/imperfester.com.mx\/tienda\/wp-json\/wp\/v2\/media\/421"}],"wp:attachment":[{"href":"https:\/\/imperfester.com.mx\/tienda\/wp-json\/wp\/v2\/media?parent=1173"}],"wp:term":[{"taxonomy":"product_brand","embeddable":true,"href":"https:\/\/imperfester.com.mx\/tienda\/wp-json\/wp\/v2\/product_brand?post=1173"},{"taxonomy":"product_cat","embeddable":true,"href":"https:\/\/imperfester.com.mx\/tienda\/wp-json\/wp\/v2\/product_cat?post=1173"},{"taxonomy":"product_tag","embeddable":true,"href":"https:\/\/imperfester.com.mx\/tienda\/wp-json\/wp\/v2\/product_tag?post=1173"}],"curies":[{"name":"wp","href":"https:\/\/api.w.org\/{rel}","templated":true}]}}