{"id":1170,"date":"2020-03-07T00:20:56","date_gmt":"2020-03-07T06:20:56","guid":{"rendered":"https:\/\/imperfester.com.mx\/tienda\/product\/import-placeholder-for-1527\/"},"modified":"2026-02-27T15:10:56","modified_gmt":"2026-02-27T21:10:56","slug":"fester-ft201-3","status":"publish","type":"product","link":"https:\/\/imperfester.com.mx\/tienda\/product\/fester-ft201-3\/","title":{"rendered":"Fester FT201"},"content":{"rendered":"<div class=\"product__descriptionText\">\n<p>Sellador el\u00e1stico de un componente para juntas de alto movimiento, que cura con la humedad del ambiente, para interiores y exteriores, basado en la tecnolog\u00eda Flextec\u00ae exclusiva de Henkel.<\/p>\n<p>\u00a0<\/p>\n<p><b>USOS<\/b><\/p>\n<ul>\n<li>Placas de concreto<\/li>\n<li>Fachadas<\/li>\n<li>Estructuras met\u00e1licas<\/li>\n<li>Paneles Fibrocemento\u00a0<\/li>\n<\/ul>\n<p>\u00a0<\/p>\n<p><b>RENDIMIENTO<\/b><\/p>\n<p>Cartucho de 280 ml rinde 9 metros lineales en una junta de 6 mm X 5 mm. Considere la merma seg\u00fan el tipo de aplicaci\u00f3n. Nota: El rendimiento var\u00eda dependiendo del tama\u00f1o de la junta<\/p>\n<p>\u00a0<\/p>\n<p><b>VENTAJAS<\/b><\/p>\n<ul>\n<li>Resistente a la intemperie (no se quiebra, no se amarillea, no se despega).<\/li>\n<li>Adhesi\u00f3n a superficies lisas y porosas sin necesidad de primer.<\/li>\n<li>Aplicable en superficies h\u00famedas sin formar burbujas o despegarse.<\/li>\n<li>Buena elasticidad.<\/li>\n<li>Es pintable una vez seco.<\/li>\n<li>No es t\u00f3xico.<\/li>\n<\/ul>\n<p>\u00a0<\/p>\n<p><b>NORMA<\/b><\/p>\n<ul>\n<li>ISO 11600 F 25 LM<\/li>\n<\/ul>\n<p><b><br \/>COLOR<\/b><\/p>\n<p>Blanco y Gris<\/p>\n<p><b><br \/>PRESENTACI\u00d3N<\/b><\/p>\n<ul>\n<li>Cartucho 280ml (Gris y Blanco)<\/li>\n<li>Salchicha 600ml (Gris)<\/li>\n<\/ul>\n<\/div>\n<div class=\"product__benefits\">\n<p tabindex=\"-1\">\u00a0<\/p>\n<p id=\"beneficios-1\" class=\"product__benefitsTitle\" tabindex=\"-1\"><strong>BENEFICIOS<\/strong><\/p>\n<div class=\"product__benefitsList\">\n<ul>\n<li>Flexible por su bajo m\u00f3dulo<\/li>\n<li>Resistencia a agua y Rayos UV<\/li>\n<li>Adhiere en h\u00famedo<\/li>\n<li>Pintable\u00a0<\/li>\n<li>No pierde volumen<\/li>\n<li>Multimateriales<\/li>\n<\/ul>\n<\/div>\n<\/div>\n","protected":false},"excerpt":{"rendered":"<p>Sellador para juntas de alto movimiento<\/p>\n","protected":false},"featured_media":423,"comment_status":"open","ping_status":"closed","template":"","meta":{"_joinchat":[]},"product_brand":[],"product_cat":[182,134],"product_tag":[593,576,570],"class_list":{"0":"post-1170","1":"product","2":"type-product","3":"status-publish","4":"has-post-thumbnail","6":"product_cat-fester-ft","7":"product_cat-selladores-y-resanadores","8":"product_tag-600-ml","9":"product_tag-cartucho","10":"product_tag-gris","12":"first","13":"instock","14":"taxable","15":"shipping-taxable","16":"purchasable","17":"product-type-simple"},"jetpack_sharing_enabled":true,"_links":{"self":[{"href":"https:\/\/imperfester.com.mx\/tienda\/wp-json\/wp\/v2\/product\/1170","targetHints":{"allow":["GET"]}}],"collection":[{"href":"https:\/\/imperfester.com.mx\/tienda\/wp-json\/wp\/v2\/product"}],"about":[{"href":"https:\/\/imperfester.com.mx\/tienda\/wp-json\/wp\/v2\/types\/product"}],"replies":[{"embeddable":true,"href":"https:\/\/imperfester.com.mx\/tienda\/wp-json\/wp\/v2\/comments?post=1170"}],"wp:featuredmedia":[{"embeddable":true,"href":"https:\/\/imperfester.com.mx\/tienda\/wp-json\/wp\/v2\/media\/423"}],"wp:attachment":[{"href":"https:\/\/imperfester.com.mx\/tienda\/wp-json\/wp\/v2\/media?parent=1170"}],"wp:term":[{"taxonomy":"product_brand","embeddable":true,"href":"https:\/\/imperfester.com.mx\/tienda\/wp-json\/wp\/v2\/product_brand?post=1170"},{"taxonomy":"product_cat","embeddable":true,"href":"https:\/\/imperfester.com.mx\/tienda\/wp-json\/wp\/v2\/product_cat?post=1170"},{"taxonomy":"product_tag","embeddable":true,"href":"https:\/\/imperfester.com.mx\/tienda\/wp-json\/wp\/v2\/product_tag?post=1170"}],"curies":[{"name":"wp","href":"https:\/\/api.w.org\/{rel}","templated":true}]}}