{"id":1165,"date":"2020-03-07T00:20:55","date_gmt":"2020-03-07T06:20:55","guid":{"rendered":"https:\/\/imperfester.com.mx\/tienda\/product\/import-placeholder-for-1522\/"},"modified":"2026-02-27T15:14:09","modified_gmt":"2026-02-27T21:14:09","slug":"fester-ft101","status":"publish","type":"product","link":"https:\/\/imperfester.com.mx\/tienda\/product\/fester-ft101\/","title":{"rendered":"Fester FT101"},"content":{"rendered":"<div class=\"product__descriptionText\">\n<p>Sellador el\u00e1stico y adhesivo de un componente para juntas de movimiento moderado, que cura con la humedad del ambiente, para interiores y exteriores, basado en la tecnolog\u00eda Flextec\u00ae exclusiva de Henkel.<\/p>\n<p>\u00a0<\/p>\n<p><b>USOS<\/b><\/p>\n<ul>\n<li>Sella juntas de conexi\u00f3n con moderado movimiento.<\/li>\n<li>Emboquillado y mamposteria.<\/li>\n<li>Relleno de grietas constructivas.<\/li>\n<li>Adhesivo de montaje.<\/li>\n<\/ul>\n<p>\u00a0<\/p>\n<p><b>RENDIMIENTO<\/b><\/p>\n<p>Cartucho de 280 ml rinde 9 metros lineales en una junta de 6 mm X 5 mm. Considere la merma seg\u00fan el tipo de aplicaci\u00f3n. Nota: El rendimiento var\u00eda dependiendo del tama\u00f1o de la junta.<\/p>\n<p>\u00a0<\/p>\n<p><b>VENTAJAS<\/b><\/p>\n<ul>\n<li>Resistente a la intemperie (no se quiebra, no se amarillea, no se despega).<\/li>\n<li>Adhesi\u00f3n a superficies lisas y porosas sin necesidad de primer.<\/li>\n<li>Adhiera a superficies h\u00famedas sin formar burbujas o despegarse<\/li>\n<li>Es pintable una vez seco.<\/li>\n<li>No es t\u00f3xico<\/li>\n<\/ul>\n<p>\u00a0<\/p>\n<p><b>NORMA<\/b><\/p>\n<ul>\n<li>ISO 11600-F-25 HM<\/li>\n<\/ul>\n<p><b><br \/>COLOR<\/b><\/p>\n<p>Blanco y Gris<\/p>\n<p><b><br \/>PRESENTACI\u00d3N<\/b><\/p>\n<p>Cartucho 280ml\u00a0<\/p>\n<\/div>\n<div class=\"product__benefits\">\n<p tabindex=\"-1\">\u00a0<\/p>\n<p id=\"beneficios-1\" class=\"product__benefitsTitle\" tabindex=\"-1\"><strong>BENEFICIOS<\/strong><\/p>\n<div class=\"product__benefitsList\">\n<ul>\n<li>Sellador + Adhesivo<\/li>\n<li>Resistencia a agua y rayos UV<\/li>\n<li>Adhiere en h\u00famedo y es pintable<\/li>\n<li>No pierde volumen<\/li>\n<li>Adherencia multimateriales<\/li>\n<\/ul>\n<\/div>\n<\/div>\n","protected":false},"excerpt":{"rendered":"<p>Sellador + AdhesivoSella &#8211; Pega &#8211; Rellena<\/p>\n","protected":false},"featured_media":422,"comment_status":"open","ping_status":"closed","template":"","meta":{"_joinchat":[]},"product_brand":[],"product_cat":[182,134],"product_tag":[594,64,576],"class_list":{"0":"post-1165","1":"product","2":"type-product","3":"status-publish","4":"has-post-thumbnail","6":"product_cat-fester-ft","7":"product_cat-selladores-y-resanadores","8":"product_tag-280-ml","9":"product_tag-blanco","10":"product_tag-cartucho","12":"first","13":"instock","14":"taxable","15":"shipping-taxable","16":"purchasable","17":"product-type-simple"},"jetpack_sharing_enabled":true,"_links":{"self":[{"href":"https:\/\/imperfester.com.mx\/tienda\/wp-json\/wp\/v2\/product\/1165","targetHints":{"allow":["GET"]}}],"collection":[{"href":"https:\/\/imperfester.com.mx\/tienda\/wp-json\/wp\/v2\/product"}],"about":[{"href":"https:\/\/imperfester.com.mx\/tienda\/wp-json\/wp\/v2\/types\/product"}],"replies":[{"embeddable":true,"href":"https:\/\/imperfester.com.mx\/tienda\/wp-json\/wp\/v2\/comments?post=1165"}],"wp:featuredmedia":[{"embeddable":true,"href":"https:\/\/imperfester.com.mx\/tienda\/wp-json\/wp\/v2\/media\/422"}],"wp:attachment":[{"href":"https:\/\/imperfester.com.mx\/tienda\/wp-json\/wp\/v2\/media?parent=1165"}],"wp:term":[{"taxonomy":"product_brand","embeddable":true,"href":"https:\/\/imperfester.com.mx\/tienda\/wp-json\/wp\/v2\/product_brand?post=1165"},{"taxonomy":"product_cat","embeddable":true,"href":"https:\/\/imperfester.com.mx\/tienda\/wp-json\/wp\/v2\/product_cat?post=1165"},{"taxonomy":"product_tag","embeddable":true,"href":"https:\/\/imperfester.com.mx\/tienda\/wp-json\/wp\/v2\/product_tag?post=1165"}],"curies":[{"name":"wp","href":"https:\/\/api.w.org\/{rel}","templated":true}]}}