{"id":1163,"date":"2020-03-07T00:20:55","date_gmt":"2020-03-07T06:20:55","guid":{"rendered":"https:\/\/imperfester.com.mx\/tienda\/product\/import-placeholder-for-1520\/"},"modified":"2026-02-27T15:16:20","modified_gmt":"2026-02-27T21:16:20","slug":"fester-cm-100","status":"publish","type":"product","link":"https:\/\/imperfester.com.mx\/tienda\/product\/fester-cm-100\/","title":{"rendered":"FESTER CM-100 10KG"},"content":{"rendered":"<div class=\"product__descriptionText\">\n<p>Mortero a base de cemento, agregados minerales, resinas en polvo de alta calidad e inhibidores de corrosi\u00f3n que protegen el acero de refuerzo utilizado en elementos estructurales de concreto.<\/p>\n<p><b>USOS<\/b><\/p>\n<ul>\n<li>Como tratamiento anticorrosivo en el acero de refuerzo.<\/li>\n<li>Preventivamente puede ser aplicado en varillas que quedar\u00e1n expuestas a la intemperie.<\/li>\n<li>Como puente de adherencia aplicandolo sobre concreto existente y mejorar la aderencia de concreto o mortero nuevo.<\/li>\n<\/ul>\n<p><b>RENDIMIENTO<\/b><\/p>\n<p>Tratamiento anticorrosivo: 2Kg\/m\u00b2<\/p>\n<p><b>VENTAJAS<\/b><\/p>\n<ul>\n<li>Protege el acero de refuerzo y mejora el puente de adherencia.<\/li>\n<li>Contiene inhibidores de corrosi\u00f3n, previniendo la formaci\u00f3n de \u00f3xido y el procesos de degradaci\u00f3n del acero.<\/li>\n<li>Aplicaci\u00f3n r\u00e1pida y sencilla en cualquier tipo de climas.<\/li>\n<\/ul>\n<p><b>PRESENTACI\u00d3N<\/b><\/p>\n<p>Saco 10 kg<\/p>\n<\/div>\n<div class=\"product__benefits\">\n<p id=\"beneficios-1\" class=\"product__benefitsTitle\" tabindex=\"-1\"><strong>BENEFICIOS<\/strong><\/p>\n<div class=\"product__benefitsList\">\n<ul>\n<li>Protege el acero de refuerzo y mejora el puente de adherencia.<\/li>\n<li>Contiene inhibidores de corrosi\u00f3n, previniendo la formaci\u00f3n de \u00f3xido y el procesos de degradaci\u00f3n del acero.<\/li>\n<li>Aplicaci\u00f3n r\u00e1pida y sencilla en cualquier tipo de climas.<\/li>\n<\/ul>\n<\/div>\n<\/div>\n","protected":false},"excerpt":{"rendered":"<p>Mortero anticorrosivo para tratamiento del acero de refuerzo utilizado en elementos de concreto<\/p>\n","protected":false},"featured_media":405,"comment_status":"open","ping_status":"closed","template":"","meta":{"_joinchat":[]},"product_brand":[],"product_cat":[175,122],"product_tag":[577,564],"class_list":{"0":"post-1163","1":"product","2":"type-product","3":"status-publish","4":"has-post-thumbnail","6":"product_cat-fester-cm","7":"product_cat-reparadores","8":"product_tag-10-kg","9":"product_tag-saco","11":"first","12":"instock","13":"sale","14":"taxable","15":"shipping-taxable","16":"purchasable","17":"product-type-simple"},"jetpack_sharing_enabled":true,"_links":{"self":[{"href":"https:\/\/imperfester.com.mx\/tienda\/wp-json\/wp\/v2\/product\/1163","targetHints":{"allow":["GET"]}}],"collection":[{"href":"https:\/\/imperfester.com.mx\/tienda\/wp-json\/wp\/v2\/product"}],"about":[{"href":"https:\/\/imperfester.com.mx\/tienda\/wp-json\/wp\/v2\/types\/product"}],"replies":[{"embeddable":true,"href":"https:\/\/imperfester.com.mx\/tienda\/wp-json\/wp\/v2\/comments?post=1163"}],"wp:featuredmedia":[{"embeddable":true,"href":"https:\/\/imperfester.com.mx\/tienda\/wp-json\/wp\/v2\/media\/405"}],"wp:attachment":[{"href":"https:\/\/imperfester.com.mx\/tienda\/wp-json\/wp\/v2\/media?parent=1163"}],"wp:term":[{"taxonomy":"product_brand","embeddable":true,"href":"https:\/\/imperfester.com.mx\/tienda\/wp-json\/wp\/v2\/product_brand?post=1163"},{"taxonomy":"product_cat","embeddable":true,"href":"https:\/\/imperfester.com.mx\/tienda\/wp-json\/wp\/v2\/product_cat?post=1163"},{"taxonomy":"product_tag","embeddable":true,"href":"https:\/\/imperfester.com.mx\/tienda\/wp-json\/wp\/v2\/product_tag?post=1163"}],"curies":[{"name":"wp","href":"https:\/\/api.w.org\/{rel}","templated":true}]}}