{"id":1161,"date":"2020-03-07T00:20:54","date_gmt":"2020-03-07T06:20:54","guid":{"rendered":"https:\/\/imperfester.com.mx\/tienda\/product\/import-placeholder-for-1518\/"},"modified":"2026-02-27T15:18:28","modified_gmt":"2026-02-27T21:18:28","slug":"fester-cm-202","status":"publish","type":"product","link":"https:\/\/imperfester.com.mx\/tienda\/product\/fester-cm-202\/","title":{"rendered":"FESTER CM-202 25KG"},"content":{"rendered":"<div class=\"product__descriptionText\">\n<p>Adhesivo epoxi\u2013am\u00ednico termofijo de 2 componentes, 100% s\u00f3lidos (libre de solventes) dise\u00f1ado especialmente para reestructurar concretos fisurados o agrietados, formando un compuesto muy duro y de gran adhesividad entre las paredes de la grieta del concreto.<\/p>\n<p><b>USOS<\/b><\/p>\n<p>Para reparar concretos fisurados o agrietados como: columnas, trabes y cimentaciones, muros y losas, carreteras de concreto.<\/p>\n<p><b>RENDIMIENTO<\/b><\/p>\n<p>1 litro llena 1000 cm3 equivalentes en grietas y fisuras.<\/p>\n<p><b>VENTAJAS<\/b><\/p>\n<ul>\n<li>Logra la rehabilitaci\u00f3n estructural del concreto.<\/li>\n<li>Tiene una excelente penetraci\u00f3n, lo que permite llenar perfectamente grietas o fisuras.<\/li>\n<li>Puede aplicarse con equipos sencillos de inyecci\u00f3n.<\/li>\n<li>Mantiene su adhesi\u00f3n a\u00fan en concretos que estar\u00e1n sumergidos en agua.<\/li>\n<\/ul>\n<p><b>NORMA<\/b><\/p>\n<ul>\n<li>ASTM C-881 tipo IV, grado I, clase C<\/li>\n<\/ul>\n<p><b><br \/>\nPRESENTACI\u00d3N<\/b><\/p>\n<ul>\n<li>Parte A : Bote 1L con 760ml<\/li>\n<li>Parte B: Bote 1L con 240ml<\/li>\n<\/ul>\n<\/div>\n<div class=\"product__benefits\">\n<p id=\"beneficios-1\" class=\"product__benefitsTitle\" tabindex=\"-1\"><strong>BENEFICIOS<\/strong><\/p>\n<div class=\"product__benefitsList\">\n<ul>\n<li>Restaura la resistencia estructural del concreto.<\/li>\n<li>Mantiene su adhesi\u00f3n a\u00fan en concretos que estar\u00e1n sumergidos en agua.<\/li>\n<li>No le afecta la alcalinidad del concreto.<\/li>\n<\/ul>\n<\/div>\n<\/div>\n","protected":false},"excerpt":{"rendered":"<p>Mortero fluido de alta resistencia para la reparaci\u00f3n de elementos de concreto estructural<\/p>\n","protected":false},"featured_media":408,"comment_status":"open","ping_status":"closed","template":"","meta":{"_joinchat":[]},"product_brand":[],"product_cat":[175,122],"product_tag":[500,564],"class_list":{"0":"post-1161","1":"product","2":"type-product","3":"status-publish","4":"has-post-thumbnail","6":"product_cat-fester-cm","7":"product_cat-reparadores","8":"product_tag-25-kg","9":"product_tag-saco","11":"first","12":"instock","13":"sale","14":"taxable","15":"shipping-taxable","16":"purchasable","17":"product-type-simple"},"jetpack_sharing_enabled":true,"_links":{"self":[{"href":"https:\/\/imperfester.com.mx\/tienda\/wp-json\/wp\/v2\/product\/1161","targetHints":{"allow":["GET"]}}],"collection":[{"href":"https:\/\/imperfester.com.mx\/tienda\/wp-json\/wp\/v2\/product"}],"about":[{"href":"https:\/\/imperfester.com.mx\/tienda\/wp-json\/wp\/v2\/types\/product"}],"replies":[{"embeddable":true,"href":"https:\/\/imperfester.com.mx\/tienda\/wp-json\/wp\/v2\/comments?post=1161"}],"wp:featuredmedia":[{"embeddable":true,"href":"https:\/\/imperfester.com.mx\/tienda\/wp-json\/wp\/v2\/media\/408"}],"wp:attachment":[{"href":"https:\/\/imperfester.com.mx\/tienda\/wp-json\/wp\/v2\/media?parent=1161"}],"wp:term":[{"taxonomy":"product_brand","embeddable":true,"href":"https:\/\/imperfester.com.mx\/tienda\/wp-json\/wp\/v2\/product_brand?post=1161"},{"taxonomy":"product_cat","embeddable":true,"href":"https:\/\/imperfester.com.mx\/tienda\/wp-json\/wp\/v2\/product_cat?post=1161"},{"taxonomy":"product_tag","embeddable":true,"href":"https:\/\/imperfester.com.mx\/tienda\/wp-json\/wp\/v2\/product_tag?post=1161"}],"curies":[{"name":"wp","href":"https:\/\/api.w.org\/{rel}","templated":true}]}}