{"id":1155,"date":"2020-03-07T00:20:44","date_gmt":"2020-03-07T06:20:44","guid":{"rendered":"https:\/\/imperfester.com.mx\/tienda\/product\/import-placeholder-for-1512\/"},"modified":"2026-02-27T15:22:31","modified_gmt":"2026-02-27T21:22:31","slug":"festergrout-nm-600","status":"publish","type":"product","link":"https:\/\/imperfester.com.mx\/tienda\/product\/festergrout-nm-600\/","title":{"rendered":"FESTERGROUT NM 600"},"content":{"rendered":"<div class=\"product__descriptionText\">\n<p>Mortero ep\u00f3xico termofijo am\u00ednico de 3 componentes, 100% s\u00f3lidos (libre de solventes) que al mezclarse resultan en un producto de r\u00e1pida catalizaci\u00f3n; excelente para trabajos pesados, con propiedades de resistencia mec\u00e1nica y qu\u00edmica.<\/p>\n<p>\u00a0<\/p>\n<p><b>USOS<\/b><\/p>\n<ul>\n<li>Para anclar pernos, ganchos, tornillos, entre otros.<\/li>\n<li>Para recibir equipo pesado, columnas y estructuras met\u00e1licas.<\/li>\n<li>Para elaborar bases de equipos y maquinaria que soportar\u00e1n cargas din\u00e1micas.<\/li>\n<\/ul>\n<p>\u00a0<\/p>\n<p><b>RENDIMIENTO<\/b><\/p>\n<p>56 Kg. llena un volumen de 25.1 L<\/p>\n<p>\u00a0<\/p>\n<p><b>VENTAJAS<\/b><\/p>\n<ul>\n<li>Soporta vibraci\u00f3n sin fisurarse.<\/li>\n<li>Protege los materiales de anclaje contra posibles ataques qu\u00edmicos.<\/li>\n<li>Equipos y maquinaria pueden ser puestos en uso a partir de 24 horas dependiendo de las condiciones clim\u00e1ticas del lugar.<\/li>\n<\/ul>\n<p>\u00a0<\/p>\n<p><b>PRESENTACI\u00d3N<\/b><\/p>\n<ul>\n<li>Parte A: Cubeta 19L con 6.11L<\/li>\n<li>Parte B: Bote 1L con 860ml<\/li>\n<li>Parte C: Saco de 48kg<\/li>\n<\/ul>\n<\/div>\n<div class=\"product__benefits\">\n<p tabindex=\"-1\">\u00a0<\/p>\n<p id=\"beneficios-1\" class=\"product__benefitsTitle\" tabindex=\"-1\"><strong>BENEFICIOS<\/strong><\/p>\n<div class=\"product__benefitsList\">\n<ul>\n<li>Puede ponerse en uso a partir de 24 horas.<\/li>\n<li>No sufre contracciones<\/li>\n<li>Producto libre de solventes.<\/li>\n<\/ul>\n<\/div>\n<\/div>\n","protected":false},"excerpt":{"rendered":"<p>Mortero sin contracci\u00f3n. Estabilizador de volumen no met\u00e1lico<\/p>\n","protected":false},"featured_media":460,"comment_status":"open","ping_status":"closed","template":"","meta":{"_joinchat":[]},"product_brand":[],"product_cat":[169,153],"product_tag":[581,564],"class_list":{"0":"post-1155","1":"product","2":"type-product","3":"status-publish","4":"has-post-thumbnail","6":"product_cat-festergrout-nm","7":"product_cat-grouts-y-anclajes","8":"product_tag-30-kg","9":"product_tag-saco","11":"first","12":"instock","13":"sale","14":"taxable","15":"shipping-taxable","16":"purchasable","17":"product-type-simple"},"jetpack_sharing_enabled":true,"_links":{"self":[{"href":"https:\/\/imperfester.com.mx\/tienda\/wp-json\/wp\/v2\/product\/1155","targetHints":{"allow":["GET"]}}],"collection":[{"href":"https:\/\/imperfester.com.mx\/tienda\/wp-json\/wp\/v2\/product"}],"about":[{"href":"https:\/\/imperfester.com.mx\/tienda\/wp-json\/wp\/v2\/types\/product"}],"replies":[{"embeddable":true,"href":"https:\/\/imperfester.com.mx\/tienda\/wp-json\/wp\/v2\/comments?post=1155"}],"wp:featuredmedia":[{"embeddable":true,"href":"https:\/\/imperfester.com.mx\/tienda\/wp-json\/wp\/v2\/media\/460"}],"wp:attachment":[{"href":"https:\/\/imperfester.com.mx\/tienda\/wp-json\/wp\/v2\/media?parent=1155"}],"wp:term":[{"taxonomy":"product_brand","embeddable":true,"href":"https:\/\/imperfester.com.mx\/tienda\/wp-json\/wp\/v2\/product_brand?post=1155"},{"taxonomy":"product_cat","embeddable":true,"href":"https:\/\/imperfester.com.mx\/tienda\/wp-json\/wp\/v2\/product_cat?post=1155"},{"taxonomy":"product_tag","embeddable":true,"href":"https:\/\/imperfester.com.mx\/tienda\/wp-json\/wp\/v2\/product_tag?post=1155"}],"curies":[{"name":"wp","href":"https:\/\/api.w.org\/{rel}","templated":true}]}}