{"id":1148,"date":"2020-03-07T00:20:43","date_gmt":"2020-03-07T06:20:43","guid":{"rendered":"https:\/\/imperfester.com.mx\/tienda\/product\/import-placeholder-for-1505\/"},"modified":"2026-02-27T15:25:28","modified_gmt":"2026-02-27T21:25:28","slug":"fester-ferrofest-g-2","status":"publish","type":"product","link":"https:\/\/imperfester.com.mx\/tienda\/product\/fester-ferrofest-g-2\/","title":{"rendered":"FESTER FERROFEST \u00abG\u00bb"},"content":{"rendered":"<div class=\"product__descriptionText\">\n<p>Compuesto de part\u00edculas met\u00e1licas selectas y graduadas, adem\u00e1s de otros agentes qu\u00edmicos especiales que le proporcionan la propiedad de estabilidad dimensional al combinarse con cemento P\u00f3rtland ordinario y agregados minerales.<\/p>\n<p>\u00a0<\/p>\n<p><b>USOS<\/b><\/p>\n<ul>\n<li>Para asentar y nivelar maquinaria sujeta a vibraciones ligeras.<\/li>\n<li>Para aumentar secciones de elementos estructurales de concreto.<\/li>\n<li>Para anclar pernos, barras, varillas, tornos, entre otros.<\/li>\n<li>Resanar todo tipo de superficies de concreto.<\/li>\n<\/ul>\n<p>\u00a0<\/p>\n<p><b>RENDIMIENTO<\/b><\/p>\n<ul>\n<li>\u00a0Se prepara en proporciones 1:1 por peso, 7.5 k Ferrofest G, 7.5 kg. cemento CPO (cemento P\u00f3rtland ordinario) preferentemente, m\u00e1s 5 L.lt de agua para cubrir 10 m\u00b2 de superficie.<\/li>\n<\/ul>\n<p>\u00a0<\/p>\n<p><b>VENTAJAS<\/b><\/p>\n<ul>\n<li>No sufre contracciones.<\/li>\n<li>Produce mezclas m\u00e1s trabajables con altas resistencias a la compresi\u00f3n sin modificar la relaci\u00f3n agua-cemento.<\/li>\n<li>Propicia una tenaz uni\u00f3n entre los elementos met\u00e1licos y el concreto o mortero por lo que es muy efectivo para su uso como anclaje.<\/li>\n<\/ul>\n<p>\u00a0<\/p>\n<p><b>NORMA<\/b><\/p>\n<ul>\n<li>CRD C-621 y ASTM C-1107<\/li>\n<\/ul>\n<p><b><br \/>PRESENTACI\u00d3N<\/b><\/p>\n<p>Saco 10kg, 30kg<\/p>\n<\/div>\n<div class=\"product__benefits\">\n<p tabindex=\"-1\">\u00a0<\/p>\n<p id=\"beneficios-1\" class=\"product__benefitsTitle\" tabindex=\"-1\"><strong>BENEFICIOS<\/strong><\/p>\n<div class=\"product__benefitsList\">\n<ul>\n<li>Estabilidad dimensional.<\/li>\n<li>Plasticidad y fluidez.<\/li>\n<li>Resistencia r\u00e1pida a la compresi\u00f3n.<\/li>\n<li>Durable y econ\u00f3mico.<\/li>\n<\/ul>\n<\/div>\n<\/div>\n","protected":false},"excerpt":{"rendered":"<p>Estabilizador de volumen met\u00e1lico para concreto y mortero<\/p>\n","protected":false},"featured_media":455,"comment_status":"open","ping_status":"closed","template":"","meta":{"_joinchat":[]},"product_brand":[],"product_cat":[162,153],"product_tag":[577,564],"class_list":{"0":"post-1148","1":"product","2":"type-product","3":"status-publish","4":"has-post-thumbnail","6":"product_cat-ferrofest","7":"product_cat-grouts-y-anclajes","8":"product_tag-10-kg","9":"product_tag-saco","11":"first","12":"instock","13":"sale","14":"taxable","15":"shipping-taxable","16":"purchasable","17":"product-type-simple"},"jetpack_sharing_enabled":true,"_links":{"self":[{"href":"https:\/\/imperfester.com.mx\/tienda\/wp-json\/wp\/v2\/product\/1148","targetHints":{"allow":["GET"]}}],"collection":[{"href":"https:\/\/imperfester.com.mx\/tienda\/wp-json\/wp\/v2\/product"}],"about":[{"href":"https:\/\/imperfester.com.mx\/tienda\/wp-json\/wp\/v2\/types\/product"}],"replies":[{"embeddable":true,"href":"https:\/\/imperfester.com.mx\/tienda\/wp-json\/wp\/v2\/comments?post=1148"}],"wp:featuredmedia":[{"embeddable":true,"href":"https:\/\/imperfester.com.mx\/tienda\/wp-json\/wp\/v2\/media\/455"}],"wp:attachment":[{"href":"https:\/\/imperfester.com.mx\/tienda\/wp-json\/wp\/v2\/media?parent=1148"}],"wp:term":[{"taxonomy":"product_brand","embeddable":true,"href":"https:\/\/imperfester.com.mx\/tienda\/wp-json\/wp\/v2\/product_brand?post=1148"},{"taxonomy":"product_cat","embeddable":true,"href":"https:\/\/imperfester.com.mx\/tienda\/wp-json\/wp\/v2\/product_cat?post=1148"},{"taxonomy":"product_tag","embeddable":true,"href":"https:\/\/imperfester.com.mx\/tienda\/wp-json\/wp\/v2\/product_tag?post=1148"}],"curies":[{"name":"wp","href":"https:\/\/api.w.org\/{rel}","templated":true}]}}