{"id":1144,"date":"2020-03-07T00:20:42","date_gmt":"2020-03-07T06:20:42","guid":{"rendered":"https:\/\/imperfester.com.mx\/tienda\/product\/import-placeholder-for-1501\/"},"modified":"2022-02-03T14:14:31","modified_gmt":"2022-02-03T20:14:31","slug":"fester-cf890","status":"publish","type":"product","link":"https:\/\/imperfester.com.mx\/tienda\/product\/fester-cf890\/","title":{"rendered":"FESTER CF890"},"content":{"rendered":"<div class=\"product__descriptionText\">\n<p>El sistema de anclaje qu\u00edmico Fester CF 890 es una resina poli\u00e9ster de \u00faltima generaci\u00f3n ideal para anclar cargas pesadas a elementos dif\u00edciles de construcci\u00f3n tales como: roca, concreto, block (bloque) y materiales porosos.<\/p>\n<p>\u00a0<\/p>\n<p><b>USOS<\/b><\/p>\n<ul>\n<li>Fijado de herrer\u00eda en general<\/li>\n<li>Fijaci\u00f3n de elementos para sistemas de climatizaci\u00f3n<\/li>\n<\/ul>\n<p>\u00a0<\/p>\n<p><b>VENTAJAS<\/b><\/p>\n<ul>\n<li>F\u00e1cil de aplicar<\/li>\n<li>Soporta hasta 1 tonelada*<\/li>\n<li>Resistencia a vibraciones ligeras<\/li>\n<\/ul>\n<p>\u00a0<\/p>\n<p><b>PRESENTACI\u00d3N<\/b><\/p>\n<p>Cartucho 300ml<\/p>\n<\/div>\n<div class=\"product__benefits\">\n<p tabindex=\"-1\">\u00a0<\/p>\n<p id=\"beneficios-1\" class=\"product__benefitsTitle\" tabindex=\"-1\"><strong>BENEFICIOS<\/strong><\/p>\n<div class=\"product__benefitsList\">\n<ul>\n<li>R\u00e1pido curado<\/li>\n<li>F\u00e1cil y pr\u00e1ctica aplicaci\u00f3n<\/li>\n<li>Resistencia a vibraciones<\/li>\n<li>Soporta hasta 1 tonelada<\/li>\n<\/ul>\n<\/div>\n<\/div>\n","protected":false},"excerpt":{"rendered":"<p>Sistema de fijaci\u00f3n profesional f\u00f3rmula poli\u00e9ster<\/p>\n","protected":false},"featured_media":456,"comment_status":"open","ping_status":"closed","template":"","meta":{"_joinchat":[]},"product_brand":[],"product_cat":[156,153],"product_tag":[600,576],"class_list":{"0":"post-1144","1":"product","2":"type-product","3":"status-publish","4":"has-post-thumbnail","6":"product_cat-cf","7":"product_cat-grouts-y-anclajes","8":"product_tag-300-ml","9":"product_tag-cartucho","11":"first","12":"instock","13":"taxable","14":"shipping-taxable","15":"purchasable","16":"product-type-simple"},"jetpack_sharing_enabled":true,"_links":{"self":[{"href":"https:\/\/imperfester.com.mx\/tienda\/wp-json\/wp\/v2\/product\/1144","targetHints":{"allow":["GET"]}}],"collection":[{"href":"https:\/\/imperfester.com.mx\/tienda\/wp-json\/wp\/v2\/product"}],"about":[{"href":"https:\/\/imperfester.com.mx\/tienda\/wp-json\/wp\/v2\/types\/product"}],"replies":[{"embeddable":true,"href":"https:\/\/imperfester.com.mx\/tienda\/wp-json\/wp\/v2\/comments?post=1144"}],"wp:featuredmedia":[{"embeddable":true,"href":"https:\/\/imperfester.com.mx\/tienda\/wp-json\/wp\/v2\/media\/456"}],"wp:attachment":[{"href":"https:\/\/imperfester.com.mx\/tienda\/wp-json\/wp\/v2\/media?parent=1144"}],"wp:term":[{"taxonomy":"product_brand","embeddable":true,"href":"https:\/\/imperfester.com.mx\/tienda\/wp-json\/wp\/v2\/product_brand?post=1144"},{"taxonomy":"product_cat","embeddable":true,"href":"https:\/\/imperfester.com.mx\/tienda\/wp-json\/wp\/v2\/product_cat?post=1144"},{"taxonomy":"product_tag","embeddable":true,"href":"https:\/\/imperfester.com.mx\/tienda\/wp-json\/wp\/v2\/product_tag?post=1144"}],"curies":[{"name":"wp","href":"https:\/\/api.w.org\/{rel}","templated":true}]}}