{"id":1143,"date":"2020-03-07T00:20:42","date_gmt":"2020-03-07T06:20:42","guid":{"rendered":"https:\/\/imperfester.com.mx\/tienda\/product\/import-placeholder-for-1500\/"},"modified":"2025-03-07T15:57:59","modified_gmt":"2025-03-07T21:57:59","slug":"fester-cf1000","status":"publish","type":"product","link":"https:\/\/imperfester.com.mx\/tienda\/product\/fester-cf1000\/","title":{"rendered":"FESTER CF1000"},"content":{"rendered":"<div class=\"product__descriptionText\">\n<p>Es un sistema de fijaci\u00f3n estructural 100% ep\u00f3xico con capacidad estructural de carga, de r\u00e1pido curado, resistente a vibraciones y ataque qu\u00edmico.<\/p>\n<p>\u00a0<\/p>\n<p><b>USOS<\/b><\/p>\n<ul>\n<li>Anclar o fijar elementos met\u00e1licos dentro de perforaciones en elementos de concreto.<\/li>\n<li>Conexiones estructurales.<\/li>\n<li>Colocaci\u00f3n de trabes y columnas de cimentaci\u00f3n.<\/li>\n<\/ul>\n<p>\u00a0<\/p>\n<p><b>VENTAJAS<\/b><\/p>\n<ul>\n<li>Aplicaciones bajo el agua<\/li>\n<li>No encoge<\/li>\n<li>Ideal para perforaciones tipo diamante<\/li>\n<\/ul>\n<p>\u00a0<\/p>\n<p><b>PRESENTACI\u00d3N<\/b><\/p>\n<p>Cartucho 385ml<\/p>\n<\/div>\n<div class=\"product__benefits\">\n<p tabindex=\"-1\">\u00a0<\/p>\n<p id=\"beneficios-1\" class=\"product__benefitsTitle\" tabindex=\"-1\"><strong>BENEFICIOS<\/strong><\/p>\n<div class=\"product__benefitsList\">\n<ul>\n<li>Ultra resistencia para aplicaciones industriales y estructurales de hasta 4 toneladas.<\/li>\n<li>F\u00e1cil y pr\u00e1ctica aplicaci\u00f3n<\/li>\n<li>Alta adherencia al concreto a\u00fan en aplicaciones bajo agua<\/li>\n<\/ul>\n<p>OBSERVACIONES<\/p>\n<p>* Soporta hasta cuatro toneladas en pernos roscados de acero 5.8 galvanizados de zinc A4-70 sobre concreto tipo B25.<\/p>\n<\/div>\n<\/div>\n","protected":false},"excerpt":{"rendered":"<p>Anclaje qu\u00edmico ep\u00f3xico<\/p>\n","protected":false},"featured_media":457,"comment_status":"open","ping_status":"closed","template":"","meta":{"_joinchat":[]},"product_brand":[],"product_cat":[156,153],"product_tag":[575,576],"class_list":{"0":"post-1143","1":"product","2":"type-product","3":"status-publish","4":"has-post-thumbnail","6":"product_cat-cf","7":"product_cat-grouts-y-anclajes","8":"product_tag-385-ml","9":"product_tag-cartucho","11":"first","12":"instock","13":"taxable","14":"shipping-taxable","15":"purchasable","16":"product-type-simple"},"jetpack_sharing_enabled":true,"_links":{"self":[{"href":"https:\/\/imperfester.com.mx\/tienda\/wp-json\/wp\/v2\/product\/1143","targetHints":{"allow":["GET"]}}],"collection":[{"href":"https:\/\/imperfester.com.mx\/tienda\/wp-json\/wp\/v2\/product"}],"about":[{"href":"https:\/\/imperfester.com.mx\/tienda\/wp-json\/wp\/v2\/types\/product"}],"replies":[{"embeddable":true,"href":"https:\/\/imperfester.com.mx\/tienda\/wp-json\/wp\/v2\/comments?post=1143"}],"wp:featuredmedia":[{"embeddable":true,"href":"https:\/\/imperfester.com.mx\/tienda\/wp-json\/wp\/v2\/media\/457"}],"wp:attachment":[{"href":"https:\/\/imperfester.com.mx\/tienda\/wp-json\/wp\/v2\/media?parent=1143"}],"wp:term":[{"taxonomy":"product_brand","embeddable":true,"href":"https:\/\/imperfester.com.mx\/tienda\/wp-json\/wp\/v2\/product_brand?post=1143"},{"taxonomy":"product_cat","embeddable":true,"href":"https:\/\/imperfester.com.mx\/tienda\/wp-json\/wp\/v2\/product_cat?post=1143"},{"taxonomy":"product_tag","embeddable":true,"href":"https:\/\/imperfester.com.mx\/tienda\/wp-json\/wp\/v2\/product_tag?post=1143"}],"curies":[{"name":"wp","href":"https:\/\/api.w.org\/{rel}","templated":true}]}}