{"id":1136,"date":"2020-03-07T00:20:41","date_gmt":"2020-03-07T06:20:41","guid":{"rendered":"https:\/\/imperfester.com.mx\/tienda\/product\/import-placeholder-for-1493\/"},"modified":"2026-02-27T16:04:16","modified_gmt":"2026-02-27T22:04:16","slug":"fester-fibrafest-600","status":"publish","type":"product","link":"https:\/\/imperfester.com.mx\/tienda\/product\/fester-fibrafest-600\/","title":{"rendered":"FESTER FIBRAFEST 600"},"content":{"rendered":"<div class=\"product__descriptionText\">\n<p><b>Micro fibra de polipropileno para concretos y morteros<\/b><\/p>\n<p>\u00a0<\/p>\n<p>Fibra de polipropileno 100% virgen en forma de filamentos y tratada con dispersantes. Funciona como refuerzo secundario en concretos y morteros.<\/p>\n<p>\u00a0<\/p>\n<p><b>USOS<\/b><\/p>\n<p>Para reducir agrietamientos por contracci\u00f3n pl\u00e1stica y t\u00e9rmica en concretos y morteros.<\/p>\n<p>\u00a0<\/p>\n<p><b>RENDIMIENTO<\/b><\/p>\n<p>Bolsa de 600 gramos \/ 1 m\u00b3 de concreto \/\/ Bolsa de 100 gramos 1 saco de cemento de 50 kg.<\/p>\n<p>\u00a0<\/p>\n<p><b>VENTAJAS<\/b><\/p>\n<ul>\n<li>Reduce la segregaci\u00f3n en las mezclas de concreto o morteros.<\/li>\n<li>Incrementa la resistencia a la flexi\u00f3n.<\/li>\n<li>Sustituye a la malla electro-soldada.<\/li>\n<\/ul>\n<p>\u00a0<\/p>\n<p><b>NORMA<\/b><\/p>\n<ul>\n<li>ASTM C-1116<\/li>\n<\/ul>\n<p><b><br \/>PRESENTACI\u00d3N<\/b><\/p>\n<ul>\n<li>Bolsa 100g<\/li>\n<li>Bolsa 600g<\/li>\n<\/ul>\n<\/div>\n<div class=\"product__benefits\">\n<p tabindex=\"-1\">\u00a0<\/p>\n<p id=\"beneficios-1\" class=\"product__benefitsTitle\" tabindex=\"-1\"><strong>BENEFICIOS<\/strong><\/p>\n<div class=\"product__benefitsList\">\n<ul>\n<li>Reduce agrietamientos por contracci\u00f3n.<\/li>\n<li>Incrementa la resistencia a la flexi\u00f3n.<\/li>\n<li>Reduce la permeabilidad del concreto.<\/li>\n<\/ul>\n<\/div>\n<\/div>\n","protected":false},"excerpt":{"rendered":"<p>Micro fibra de polipropileno para concretos y morteros<\/p>\n","protected":false},"featured_media":450,"comment_status":"open","ping_status":"closed","template":"","meta":{"_joinchat":[]},"product_brand":[],"product_cat":[137,148],"product_tag":[591],"class_list":{"0":"post-1136","1":"product","2":"type-product","3":"status-publish","4":"has-post-thumbnail","6":"product_cat-auxiliares-y-aditivos-para-concreto","7":"product_cat-fibrafest","8":"product_tag-600-gm","10":"first","11":"instock","12":"taxable","13":"shipping-taxable","14":"purchasable","15":"product-type-simple"},"jetpack_sharing_enabled":true,"_links":{"self":[{"href":"https:\/\/imperfester.com.mx\/tienda\/wp-json\/wp\/v2\/product\/1136","targetHints":{"allow":["GET"]}}],"collection":[{"href":"https:\/\/imperfester.com.mx\/tienda\/wp-json\/wp\/v2\/product"}],"about":[{"href":"https:\/\/imperfester.com.mx\/tienda\/wp-json\/wp\/v2\/types\/product"}],"replies":[{"embeddable":true,"href":"https:\/\/imperfester.com.mx\/tienda\/wp-json\/wp\/v2\/comments?post=1136"}],"wp:featuredmedia":[{"embeddable":true,"href":"https:\/\/imperfester.com.mx\/tienda\/wp-json\/wp\/v2\/media\/450"}],"wp:attachment":[{"href":"https:\/\/imperfester.com.mx\/tienda\/wp-json\/wp\/v2\/media?parent=1136"}],"wp:term":[{"taxonomy":"product_brand","embeddable":true,"href":"https:\/\/imperfester.com.mx\/tienda\/wp-json\/wp\/v2\/product_brand?post=1136"},{"taxonomy":"product_cat","embeddable":true,"href":"https:\/\/imperfester.com.mx\/tienda\/wp-json\/wp\/v2\/product_cat?post=1136"},{"taxonomy":"product_tag","embeddable":true,"href":"https:\/\/imperfester.com.mx\/tienda\/wp-json\/wp\/v2\/product_tag?post=1136"}],"curies":[{"name":"wp","href":"https:\/\/api.w.org\/{rel}","templated":true}]}}