{"id":1131,"date":"2020-03-07T00:20:41","date_gmt":"2020-03-07T06:20:41","guid":{"rendered":"https:\/\/imperfester.com.mx\/tienda\/product\/import-placeholder-for-1488\/"},"modified":"2026-02-27T16:07:26","modified_gmt":"2026-02-27T22:07:26","slug":"fester-curafest-mc-320-2","status":"publish","type":"product","link":"https:\/\/imperfester.com.mx\/tienda\/product\/fester-curafest-mc-320-2\/","title":{"rendered":"FESTER CURAFEST MC-320"},"content":{"rendered":"<div class=\"product__descriptionText\">\n<div class=\"product__descriptionText\">\n<p>Emulsi\u00f3n base agua formulada con resinas acr\u00edlicas que al ser aplicado sobre concreto o mortero reci\u00e9n colados forma una pel\u00edcula que evita la evapotaci\u00f3n excesiva de agua<\/p>\n<p>\u00a0<\/p>\n<p><b>USOS<\/b><\/p>\n<ul>\n<li>Para curar elementos de concreto en posici\u00f3n horizontal tales como: pisos y pavimentos de concreto, lozas de techo horizontales e inclinadas, canales de riego, elementos precolados, canchas deportivas, areas reparadas con concreto o mortero.<\/li>\n<li>Al ser libre de parafina no afecta la adherencia del recubrimiento sobre el concreto o mortero endurecido<\/li>\n<\/ul>\n<p>\u00a0\u00a0<\/p>\n<p><b>RENDIMIENTO<\/b><\/p>\n<p>6 a 7 m\u00b2\/ L dependiendo del tipo de superficie, equipo de aplicaci\u00f3n y condiciones ambientales (temperatura, viento y humedad relativa)<\/p>\n<p>\u00a0<\/p>\n<p><b>VENTAJAS<\/b><\/p>\n<ul>\n<li>F\u00e1cil de aplicar por medio de asperci\u00f3n<\/li>\n<li>Reduce la generaci\u00f3n de grietas y fisuras causadas por la perdida excesiva de humedad<\/li>\n<li>No deja residuos grasos o manchas en las \u00e1reas aplicadas, facilitando la limpieza y preparaci\u00f3n de la superficie donde se requiera la aplicaci\u00f3n de acabados.<\/li>\n<\/ul>\n<p>\u00a0<\/p>\n<p><b>PRESENTACI\u00d3N<\/b><\/p>\n<ul>\n<li>Cubeta 19L<\/li>\n<li>Tambo 200L<\/li>\n<\/ul>\n<\/div>\n<div class=\"product__benefits\">\n<p tabindex=\"-1\">\u00a0<\/p>\n<p id=\"beneficios-1\" class=\"product__benefitsTitle\" tabindex=\"-1\"><strong>BENEFICIOS<\/strong><\/p>\n<div class=\"product__benefitsList\">\n<ul>\n<li>Reduce la generaci\u00f3n de agrietamientos en superficies de concreto.<\/li>\n<li>Ayuda a lograr la resistencia del dise\u00f1o en los elementos de concreto o mortero<\/li>\n<li>No contiene parafina por lo que no afecta la adherencia de acabados en el concreto<\/li>\n<\/ul>\n<\/div>\n<\/div>\n<\/div>\n","protected":false},"excerpt":{"rendered":"<p>Membrana acr\u00edlica espreable para curado de concreto y morteros<\/p>\n","protected":false},"featured_media":444,"comment_status":"open","ping_status":"closed","template":"","meta":{"_joinchat":[]},"product_brand":[],"product_cat":[137,138],"product_tag":[77,519],"class_list":{"0":"post-1131","1":"product","2":"type-product","3":"status-publish","4":"has-post-thumbnail","6":"product_cat-auxiliares-y-aditivos-para-concreto","7":"product_cat-fester-curafest","8":"product_tag-200-l","9":"product_tag-tambo","11":"first","12":"instock","13":"sale","14":"taxable","15":"shipping-taxable","16":"purchasable","17":"product-type-simple"},"jetpack_sharing_enabled":true,"_links":{"self":[{"href":"https:\/\/imperfester.com.mx\/tienda\/wp-json\/wp\/v2\/product\/1131","targetHints":{"allow":["GET"]}}],"collection":[{"href":"https:\/\/imperfester.com.mx\/tienda\/wp-json\/wp\/v2\/product"}],"about":[{"href":"https:\/\/imperfester.com.mx\/tienda\/wp-json\/wp\/v2\/types\/product"}],"replies":[{"embeddable":true,"href":"https:\/\/imperfester.com.mx\/tienda\/wp-json\/wp\/v2\/comments?post=1131"}],"wp:featuredmedia":[{"embeddable":true,"href":"https:\/\/imperfester.com.mx\/tienda\/wp-json\/wp\/v2\/media\/444"}],"wp:attachment":[{"href":"https:\/\/imperfester.com.mx\/tienda\/wp-json\/wp\/v2\/media?parent=1131"}],"wp:term":[{"taxonomy":"product_brand","embeddable":true,"href":"https:\/\/imperfester.com.mx\/tienda\/wp-json\/wp\/v2\/product_brand?post=1131"},{"taxonomy":"product_cat","embeddable":true,"href":"https:\/\/imperfester.com.mx\/tienda\/wp-json\/wp\/v2\/product_cat?post=1131"},{"taxonomy":"product_tag","embeddable":true,"href":"https:\/\/imperfester.com.mx\/tienda\/wp-json\/wp\/v2\/product_tag?post=1131"}],"curies":[{"name":"wp","href":"https:\/\/api.w.org\/{rel}","templated":true}]}}