{"id":1126,"date":"2020-03-07T00:20:40","date_gmt":"2020-03-07T06:20:40","guid":{"rendered":"https:\/\/imperfester.com.mx\/tienda\/product\/import-placeholder-for-1483\/"},"modified":"2026-02-27T16:09:32","modified_gmt":"2026-02-27T22:09:32","slug":"fester-curafest-sellador-mc-330","status":"publish","type":"product","link":"https:\/\/imperfester.com.mx\/tienda\/product\/fester-curafest-sellador-mc-330\/","title":{"rendered":"FESTER CURAFEST SELLADOR MC-330"},"content":{"rendered":"<div class=\"product__descriptionText\">\n<p>L\u00edquido viscoso color blanco formulado con resinas acr\u00edlicas, dise\u00f1ado para curar concretos o morteros al retirar la cimbra, habiendo transcurrido entre 16 y 24 horas, formando una pel\u00edcula que tarda la evaporaci\u00f3n del agua remanente<\/p>\n<p>\u00a0<\/p>\n<p><b>USOS<\/b><\/p>\n<ul>\n<li>Para retener la humedad residual en elementos de concreto y morteros al momento de retiro de las cimbras. Recomendado para uso en interiores o exteriores en elementos de cualquier posici\u00f3n tales como: muros divisorios, columnas, cimentaciones, trabes, elementos precolados en todo tipo etc.<\/li>\n<li>Al ser libre de parafina no afecta la adherencia de recubrimientos sobre el concreto o mortero fraguado.<\/li>\n<\/ul>\n<p>\u00a0<\/p>\n<p><b>RENDIMIENTO<\/b><\/p>\n<p>12 m\u00b2\/ L dependiendo del tipo de superficie, equipo de aplicaci\u00f3n y condiciones ambientales (temperatura, viento y humedad relativa)<\/p>\n<p>\u00a0<\/p>\n<p><b>VENTAJAS<\/b><\/p>\n<ul>\n<li>F\u00e1cil de aplicar por medio de rodillos de felpa o brochas.<\/li>\n<li>Reduce la generaci\u00f3n de agrietas y fisuras causadas por la perdida acelerada de humedad.<\/li>\n<li>No deja residuos grasos o manchas en las \u00e1reas aplicadas, facilitando la limpieza y preparaci\u00f3n de la superficie donde se requiera la aplicaci\u00f3n de acabados.<\/li>\n<\/ul>\n<p>\u00a0<\/p>\n<p><b>NORMA<\/b><\/p>\n<ul>\n<li>Cumple con la norma ASTM C-309 Tipo 1 Clase B<\/li>\n<\/ul>\n<p><b><br \/>COLOR<\/b><\/p>\n<p>Blanco<\/p>\n<p><b><br \/>PRESENTACI\u00d3N<\/b><\/p>\n<ul>\n<li>Cubeta 19L<\/li>\n<li>Tambo 200L<\/li>\n<\/ul>\n<\/div>\n<div class=\"product__benefits\">\n<p tabindex=\"-1\">\u00a0<\/p>\n<p id=\"beneficios-1\" class=\"product__benefitsTitle\" tabindex=\"-1\"><strong>BENEFICIOS<\/strong><\/p>\n<div class=\"product__benefitsList\">\n<ul>\n<li>Alto rendimento: 12 m\u00b2\/ L<\/li>\n<li>Reduce la generaci\u00f3n de agrietamientos en superficies de concreto.<\/li>\n<li>No contiene parafina por lo que no afecta la adherencia de acabados en el concreto.<\/li>\n<\/ul>\n<\/div>\n<\/div>\n","protected":false},"excerpt":{"rendered":"<p>Sellador Acr\u00edlico para curar concreto o morteros<\/p>\n","protected":false},"featured_media":445,"comment_status":"open","ping_status":"closed","template":"","meta":{"_joinchat":[]},"product_brand":[],"product_cat":[137,138],"product_tag":[51,518],"class_list":{"0":"post-1126","1":"product","2":"type-product","3":"status-publish","4":"has-post-thumbnail","6":"product_cat-auxiliares-y-aditivos-para-concreto","7":"product_cat-fester-curafest","8":"product_tag-19-l","9":"product_tag-cubeta","11":"first","12":"instock","13":"sale","14":"taxable","15":"shipping-taxable","16":"purchasable","17":"product-type-simple"},"jetpack_sharing_enabled":true,"_links":{"self":[{"href":"https:\/\/imperfester.com.mx\/tienda\/wp-json\/wp\/v2\/product\/1126","targetHints":{"allow":["GET"]}}],"collection":[{"href":"https:\/\/imperfester.com.mx\/tienda\/wp-json\/wp\/v2\/product"}],"about":[{"href":"https:\/\/imperfester.com.mx\/tienda\/wp-json\/wp\/v2\/types\/product"}],"replies":[{"embeddable":true,"href":"https:\/\/imperfester.com.mx\/tienda\/wp-json\/wp\/v2\/comments?post=1126"}],"wp:featuredmedia":[{"embeddable":true,"href":"https:\/\/imperfester.com.mx\/tienda\/wp-json\/wp\/v2\/media\/445"}],"wp:attachment":[{"href":"https:\/\/imperfester.com.mx\/tienda\/wp-json\/wp\/v2\/media?parent=1126"}],"wp:term":[{"taxonomy":"product_brand","embeddable":true,"href":"https:\/\/imperfester.com.mx\/tienda\/wp-json\/wp\/v2\/product_brand?post=1126"},{"taxonomy":"product_cat","embeddable":true,"href":"https:\/\/imperfester.com.mx\/tienda\/wp-json\/wp\/v2\/product_cat?post=1126"},{"taxonomy":"product_tag","embeddable":true,"href":"https:\/\/imperfester.com.mx\/tienda\/wp-json\/wp\/v2\/product_tag?post=1126"}],"curies":[{"name":"wp","href":"https:\/\/api.w.org\/{rel}","templated":true}]}}