{"id":1117,"date":"2020-03-07T00:20:30","date_gmt":"2020-03-07T06:20:30","guid":{"rendered":"https:\/\/imperfester.com.mx\/tienda\/product\/import-placeholder-for-1474\/"},"modified":"2026-02-27T16:11:25","modified_gmt":"2026-02-27T22:11:25","slug":"fester-epoxine-220","status":"publish","type":"product","link":"https:\/\/imperfester.com.mx\/tienda\/product\/fester-epoxine-220\/","title":{"rendered":"FESTER EPOXINE 220"},"content":{"rendered":"<div class=\"product__descriptionText\">\n<p>Adhesivo ep\u00f3xico termofijo poliam\u00ednico de 2 componentes, 100% s\u00f3lidos (libre de solventes) viscoso, de color amarillento; que al ser aplicado en la superficie de concreto existente (viejo) forma una capa que provee adhesividad, dando continuidad estructural.<\/p>\n<p>\u00a0<\/p>\n<p><b>USOS<\/b><\/p>\n<ul>\n<li>Para unir concreto nuevo a viejo.<\/li>\n<li>Para reparar y dar continuidad estructural a elementos de concreto.<\/li>\n<li>Para aumentar dimensiones de columnas, trabes y muros.<\/li>\n<\/ul>\n<p>\u00a0<\/p>\n<p><b>RENDIMIENTO<\/b><\/p>\n<p>3 a 3.5 m\u00b2\/L aproximadamente con espesor promedio de 10 -12 mils.<\/p>\n<p>\u00a0<\/p>\n<p><b>VENTAJAS<\/b><\/p>\n<ul>\n<li>Genera excelente uni\u00f3n entre el concreto existente y el nuevo, brindando continuidad estructural.<\/li>\n<li>Mantiene la uni\u00f3n del concreto a\u00fan sumergido en agua.<\/li>\n<li>Adhiere sobre varios materiales como m\u00e1rmol, granito, terrazo, etc.<\/li>\n<\/ul>\n<p>\u00a0<\/p>\n<p><b>NORMA<\/b><\/p>\n<ul>\n<li>ASTM C-881, tipo V, grado 2, clase C<\/li>\n<\/ul>\n<p><b><br \/>PRESENTACI\u00d3N<\/b><\/p>\n<ul>\n<li>Parte A: Bote de 1L con 628ml<\/li>\n<li>Parte B: Bote de 1L con 386ml<\/li>\n<\/ul>\n<\/div>\n<div class=\"product__benefits\">\n<p tabindex=\"-1\">\u00a0<\/p>\n<p id=\"beneficios-1\" class=\"product__benefitsTitle\" tabindex=\"-1\"><strong>BENEFICIOS<\/strong><\/p>\n<div class=\"product__benefitsList\">\n<ul>\n<li>Brinda adherencia de grado estructural.<\/li>\n<li>Mantiene la uni\u00f3n del concreto a\u00fan sumergido en agua.<\/li>\n<li>No le afecta la alcalinidad del concreto.<\/li>\n<\/ul>\n<\/div>\n<\/div>\n","protected":false},"excerpt":{"rendered":"<p>Adhesivo y reparador ep\u00f3xico para inyecci\u00f3n<\/p>\n","protected":false},"featured_media":409,"comment_status":"open","ping_status":"closed","template":"","meta":{"_joinchat":[]},"product_brand":[],"product_cat":[128,122],"product_tag":[57,517],"class_list":{"0":"post-1117","1":"product","2":"type-product","3":"status-publish","4":"has-post-thumbnail","6":"product_cat-fester-epoxine-220","7":"product_cat-reparadores","8":"product_tag-1-l","9":"product_tag-bote","11":"first","12":"instock","13":"taxable","14":"shipping-taxable","15":"purchasable","16":"product-type-simple"},"jetpack_sharing_enabled":true,"_links":{"self":[{"href":"https:\/\/imperfester.com.mx\/tienda\/wp-json\/wp\/v2\/product\/1117","targetHints":{"allow":["GET"]}}],"collection":[{"href":"https:\/\/imperfester.com.mx\/tienda\/wp-json\/wp\/v2\/product"}],"about":[{"href":"https:\/\/imperfester.com.mx\/tienda\/wp-json\/wp\/v2\/types\/product"}],"replies":[{"embeddable":true,"href":"https:\/\/imperfester.com.mx\/tienda\/wp-json\/wp\/v2\/comments?post=1117"}],"wp:featuredmedia":[{"embeddable":true,"href":"https:\/\/imperfester.com.mx\/tienda\/wp-json\/wp\/v2\/media\/409"}],"wp:attachment":[{"href":"https:\/\/imperfester.com.mx\/tienda\/wp-json\/wp\/v2\/media?parent=1117"}],"wp:term":[{"taxonomy":"product_brand","embeddable":true,"href":"https:\/\/imperfester.com.mx\/tienda\/wp-json\/wp\/v2\/product_brand?post=1117"},{"taxonomy":"product_cat","embeddable":true,"href":"https:\/\/imperfester.com.mx\/tienda\/wp-json\/wp\/v2\/product_cat?post=1117"},{"taxonomy":"product_tag","embeddable":true,"href":"https:\/\/imperfester.com.mx\/tienda\/wp-json\/wp\/v2\/product_tag?post=1117"}],"curies":[{"name":"wp","href":"https:\/\/api.w.org\/{rel}","templated":true}]}}