{"id":1116,"date":"2020-03-07T00:20:30","date_gmt":"2020-03-07T06:20:30","guid":{"rendered":"https:\/\/imperfester.com.mx\/tienda\/product\/import-placeholder-for-1473\/"},"modified":"2026-02-27T16:12:05","modified_gmt":"2026-02-27T22:12:05","slug":"fester-epoxine-300-2","status":"publish","type":"product","link":"https:\/\/imperfester.com.mx\/tienda\/product\/fester-epoxine-300-2\/","title":{"rendered":"FESTER EPOXINE 300"},"content":{"rendered":"<div class=\"product__descriptionText\">\n<p>Mortero termofijo ep\u00f3xico am\u00ednico de 3 componentes, 100% s\u00f3lidos (libre de solventes) dise\u00f1ado para la reparaci\u00f3n de grietas, fisuras y peque\u00f1os baches en el concreto.<\/p>\n<p>\u00a0<\/p>\n<p><b>USOS<\/b><\/p>\n<ul>\n<li>Para resanar y reparar grietas y juntas en concreto sin movimiento, con ancho y profundidad m\u00e1xima de 2.5 cm.<\/li>\n<li>Para reparar y perfilar v\u00e9rtices de escalones, losas de piso, pre-colados, muros y elementos estructurales.<\/li>\n<li>En bacheo de pisos y pavimentos de concreto hidr\u00e1ulico con \u00e1reas no mayores de 1000 cm\u00b2 (36 cm. de di\u00e1metro) y profundidad de 1 cm.<\/li>\n<\/ul>\n<p>\u00a0<\/p>\n<p><b>RENDIMIENTO<\/b><\/p>\n<p>1L rellena el mismo volumen en grietas<\/p>\n<p>\u00a0<\/p>\n<p><b>VENTAJAS<\/b><\/p>\n<ul>\n<li>Resiste impacto directo.<\/li>\n<li>Adherencia sobre concreto, terrazo, entre otros.<\/li>\n<li>Producto libre de solventes. No sufre contracci\u00f3n o expansi\u00f3n.<\/li>\n<\/ul>\n<p>\u00a0<\/p>\n<p><b>PRESENTACI\u00d3N<\/b><\/p>\n<ul>\n<li>Parte A: Bote 1L con 210ml<\/li>\n<li>Parte B: Botella pl\u00e1stico con 50ml<\/li>\n<li>Parte C: Bolsa polietileno<\/li>\n<\/ul>\n<\/div>\n<div class=\"product__benefits\">\n<p tabindex=\"-1\">\u00a0<\/p>\n<p id=\"beneficios-1\" class=\"product__benefitsTitle\" tabindex=\"-1\"><strong>BENEFICIOS<\/strong><\/p>\n<div class=\"product__benefitsList\">\n<ul>\n<li>Puede ponerse en operaci\u00f3n en 24 horas.<\/li>\n<li>Puede ser aplicado en interiores y exteriores.<\/li>\n<li>Es resistente a impactos y abrasi\u00f3n.<\/li>\n<\/ul>\n<\/div>\n<\/div>\n","protected":false},"excerpt":{"rendered":"<p>Primario ep\u00f3xico<\/p>\n","protected":false},"featured_media":410,"comment_status":"open","ping_status":"closed","template":"","meta":{"_joinchat":[]},"product_brand":[],"product_cat":[123,122],"product_tag":[57,124],"class_list":{"0":"post-1116","1":"product","2":"type-product","3":"status-publish","4":"has-post-thumbnail","6":"product_cat-fester-epoxine-300","7":"product_cat-reparadores","8":"product_tag-1-l","9":"product_tag-resanador","11":"first","12":"instock","13":"taxable","14":"shipping-taxable","15":"purchasable","16":"product-type-simple"},"jetpack_sharing_enabled":true,"_links":{"self":[{"href":"https:\/\/imperfester.com.mx\/tienda\/wp-json\/wp\/v2\/product\/1116","targetHints":{"allow":["GET"]}}],"collection":[{"href":"https:\/\/imperfester.com.mx\/tienda\/wp-json\/wp\/v2\/product"}],"about":[{"href":"https:\/\/imperfester.com.mx\/tienda\/wp-json\/wp\/v2\/types\/product"}],"replies":[{"embeddable":true,"href":"https:\/\/imperfester.com.mx\/tienda\/wp-json\/wp\/v2\/comments?post=1116"}],"wp:featuredmedia":[{"embeddable":true,"href":"https:\/\/imperfester.com.mx\/tienda\/wp-json\/wp\/v2\/media\/410"}],"wp:attachment":[{"href":"https:\/\/imperfester.com.mx\/tienda\/wp-json\/wp\/v2\/media?parent=1116"}],"wp:term":[{"taxonomy":"product_brand","embeddable":true,"href":"https:\/\/imperfester.com.mx\/tienda\/wp-json\/wp\/v2\/product_brand?post=1116"},{"taxonomy":"product_cat","embeddable":true,"href":"https:\/\/imperfester.com.mx\/tienda\/wp-json\/wp\/v2\/product_cat?post=1116"},{"taxonomy":"product_tag","embeddable":true,"href":"https:\/\/imperfester.com.mx\/tienda\/wp-json\/wp\/v2\/product_tag?post=1116"}],"curies":[{"name":"wp","href":"https:\/\/api.w.org\/{rel}","templated":true}]}}