{"id":1052,"date":"2020-03-07T00:19:58","date_gmt":"2020-03-07T06:19:58","guid":{"rendered":"https:\/\/imperfester.com.mx\/tienda\/product\/import-placeholder-for-1409\/"},"modified":"2026-02-27T16:47:20","modified_gmt":"2026-02-27T22:47:20","slug":"fester-microseal-no-2f-2","status":"publish","type":"product","link":"https:\/\/imperfester.com.mx\/tienda\/product\/fester-microseal-no-2f-2\/","title":{"rendered":"FESTER MICROSEAL NO.2F"},"content":{"rendered":"<div class=\"product__descriptionText\">\n<p>Compuesto asf\u00e1ltico base agua reforzado con alto contenido de fibras naturales libres de asbesto y contiene cargas minerales. Es un producto que brinda altas propiedades de impermeabilidad, adherencia, resistencia y duraci\u00f3n.<\/p>\n<p>\u00a0<\/p>\n<p><b>USOS<\/b><\/p>\n<ul>\n<li>Como impermeabilizante para: superficies horizontales y verticales de concreto, l\u00e1mina, mamposter\u00eda, tabique, entre otras; coronas de cimentaci\u00f3n.<\/li>\n<li>Como adhesivo para placas termo-aislantes en cuartos de refrigeraci\u00f3n, cubiertas y similares.<\/li>\n<li>Combinado con arena s\u00edlice, como re-nivelador y mortero asf\u00e1ltico para la reparaci\u00f3n de peque\u00f1os huecos en losas de concreto.<\/li>\n<li>Como recubrimiento protector y anticorrosivo para superficies met\u00e1licas.<\/li>\n<\/ul>\n<p>\u00a0<\/p>\n<p><b>RENDIMIENTO<\/b><\/p>\n<ul>\n<li>Para superficies horizontales: 1 L\/m\u00b2 por capa<\/li>\n<li>Para placas termoaislantes: 1.5 a 2.0 L\/m\u00b2<\/li>\n<li>Protector anticorrosivo: 1.5 L\/m\u00b2<\/li>\n<li>Renivelador asf\u00e1ltico para peque\u00f1as contrapendientes: Prepare el mortero en proporciones de volumen 1:1.5:3 de Fester Microseal\u00a0 2F, cemento y arena s\u00edlica, respectivamente.<\/li>\n<li>Para coronas de cimentaci\u00f3n: 1.5 L\/m\u00b2<\/li>\n<\/ul>\n<p>\u00a0<\/p>\n<p><b>VENTAJAS<\/b><\/p>\n<ul>\n<li>Alta durabilidad. Resiste todo tipo de climas.<\/li>\n<li>Puede aplicarse sin escurrimiento a temperaturas de hasta 45 \u00b0C.<\/li>\n<li>Una vez seco resiste hasta 70 \u00b0C sin degradarse.<\/li>\n<li>Excelente adherencia sobre superficies secas o h\u00famedas.<\/li>\n<\/ul>\n<p>\u00a0<\/p>\n<p><b>NORMA<\/b><\/p>\n<p>Cumple con la norma ASTM D1227-95(2007) Standard Specification for Emulsified Asphalt Used as a Protective Coating for Roofing, (Type II, class 2)<\/p>\n<p>\u00a0<\/p>\n<p><b>PRESENTACI\u00d3N<\/b><\/p>\n<ul>\n<li>Cubeta 19L<\/li>\n<li>Tambo 200L<\/li>\n<\/ul>\n<\/div>\n<div class=\"product__benefits\">\n<p tabindex=\"-1\">\u00a0<\/p>\n<p id=\"beneficios-1\" class=\"product__benefitsTitle\" tabindex=\"-1\"><strong>BENEFICIOS<\/strong><\/p>\n<div class=\"product__benefitsList\">\n<ul>\n<li>Alta durabilidad. Resiste todo tipo de climas.<\/li>\n<li>Puede aplicarse sin escurrimiento a altas temperaturas (hasta 45 \u00b0C)<\/li>\n<li>Aplicado, resiste hasta 70 \u00b0C sin degradarse.<\/li>\n<\/ul>\n<\/div>\n<\/div>\n","protected":false},"excerpt":{"rendered":"<p>Impermeabilizante fibratado base agua<\/p>\n","protected":false},"featured_media":508,"comment_status":"open","ping_status":"closed","template":"","meta":{"_joinchat":[]},"product_brand":[],"product_cat":[78,49],"product_tag":[77],"class_list":{"0":"post-1052","1":"product","2":"type-product","3":"status-publish","4":"has-post-thumbnail","6":"product_cat-asfaltico","7":"product_cat-impermeabilizantes","8":"product_tag-200-l","10":"first","11":"instock","12":"taxable","13":"shipping-taxable","14":"purchasable","15":"product-type-simple"},"jetpack_sharing_enabled":true,"_links":{"self":[{"href":"https:\/\/imperfester.com.mx\/tienda\/wp-json\/wp\/v2\/product\/1052","targetHints":{"allow":["GET"]}}],"collection":[{"href":"https:\/\/imperfester.com.mx\/tienda\/wp-json\/wp\/v2\/product"}],"about":[{"href":"https:\/\/imperfester.com.mx\/tienda\/wp-json\/wp\/v2\/types\/product"}],"replies":[{"embeddable":true,"href":"https:\/\/imperfester.com.mx\/tienda\/wp-json\/wp\/v2\/comments?post=1052"}],"wp:featuredmedia":[{"embeddable":true,"href":"https:\/\/imperfester.com.mx\/tienda\/wp-json\/wp\/v2\/media\/508"}],"wp:attachment":[{"href":"https:\/\/imperfester.com.mx\/tienda\/wp-json\/wp\/v2\/media?parent=1052"}],"wp:term":[{"taxonomy":"product_brand","embeddable":true,"href":"https:\/\/imperfester.com.mx\/tienda\/wp-json\/wp\/v2\/product_brand?post=1052"},{"taxonomy":"product_cat","embeddable":true,"href":"https:\/\/imperfester.com.mx\/tienda\/wp-json\/wp\/v2\/product_cat?post=1052"},{"taxonomy":"product_tag","embeddable":true,"href":"https:\/\/imperfester.com.mx\/tienda\/wp-json\/wp\/v2\/product_tag?post=1052"}],"curies":[{"name":"wp","href":"https:\/\/api.w.org\/{rel}","templated":true}]}}