{"id":1050,"date":"2020-03-07T00:19:57","date_gmt":"2020-03-07T06:19:57","guid":{"rendered":"https:\/\/imperfester.com.mx\/tienda\/product\/import-placeholder-for-1407\/"},"modified":"2026-02-27T16:48:37","modified_gmt":"2026-02-27T22:48:37","slug":"fester-microfest","status":"publish","type":"product","link":"https:\/\/imperfester.com.mx\/tienda\/product\/fester-microfest\/","title":{"rendered":"FESTER MICROFEST"},"content":{"rendered":"<div class=\"product__descriptionText\">\n<p>Compuesto asf\u00e1ltico emulsionado base agua, con cargas minerales y reforzado con fibras naturales libres de asbesto. Forma una capa de gran impermeabilidad y alta duraci\u00f3n.<\/p>\n<p>\u00a0<\/p>\n<p><b>USOS<\/b><\/p>\n<p>En losas y azoteas de concreto armado con pendiente propia tanto en climas c\u00e1lidos como templados.\u00a0<\/p>\n<p>\u00a0<\/p>\n<p><b>RENDIMIENTO<\/b><\/p>\n<p>Para superficies horizontales: 1 L\/m\u00b2 por capa<\/p>\n<p>\u00a0<\/p>\n<p><b>VENTAJAS<\/b><\/p>\n<ul>\n<li>Presenta excelente adherencia tanto sobre superficies secas como h\u00famedas por lo que puede aplicarse en cualquier \u00e9poca del a\u00f1o.<\/li>\n<li>Por su f\u00e1cil aplicaci\u00f3n y buena durabilidad, Fester Microfest\u00ae resulta el material ideal para impermeabilizar techos y azoteas.<\/li>\n<\/ul>\n<p>\u00a0<\/p>\n<p><b>NORMA<\/b><\/p>\n<p>Cumple con la norma ASTM D1227-95(2007) Standard Specification for Emulsified Asphalt Used as a Protective Coating for Roofing, (Type II, class 2)<\/p>\n<p>\u00a0<\/p>\n<p><b>PRESENTACI\u00d3N<\/b><\/p>\n<ul>\n<li>Bote 4L<\/li>\n<li>Cubeta 19L<\/li>\n<li>Tambo 200L<\/li>\n<\/ul>\n<\/div>\n<div class=\"product__benefits\">\n<p tabindex=\"-1\">\u00a0<\/p>\n<p id=\"beneficios-1\" class=\"product__benefitsTitle\" tabindex=\"-1\"><strong>BENEFICIOS<\/strong><\/p>\n<div class=\"product__benefitsList\">\n<ul>\n<li>Adhiere sobre superficies secas o h\u00famedas.<\/li>\n<li>Puede aplicarse en cualquier \u00e9poca del a\u00f1o.<\/li>\n<li>F\u00e1cil de aplicar.<\/li>\n<\/ul>\n<\/div>\n<\/div>\n","protected":false},"excerpt":{"rendered":"<p>Impermeabilizante asf\u00e1ltico base agua de usos m\u00faltiples<\/p>\n","protected":false},"featured_media":505,"comment_status":"open","ping_status":"closed","template":"","meta":{"_joinchat":[]},"product_brand":[],"product_cat":[78,49],"product_tag":[54],"class_list":{"0":"post-1050","1":"product","2":"type-product","3":"status-publish","4":"has-post-thumbnail","6":"product_cat-asfaltico","7":"product_cat-impermeabilizantes","8":"product_tag-4-l","10":"first","11":"instock","12":"taxable","13":"shipping-taxable","14":"purchasable","15":"product-type-simple"},"jetpack_sharing_enabled":true,"_links":{"self":[{"href":"https:\/\/imperfester.com.mx\/tienda\/wp-json\/wp\/v2\/product\/1050","targetHints":{"allow":["GET"]}}],"collection":[{"href":"https:\/\/imperfester.com.mx\/tienda\/wp-json\/wp\/v2\/product"}],"about":[{"href":"https:\/\/imperfester.com.mx\/tienda\/wp-json\/wp\/v2\/types\/product"}],"replies":[{"embeddable":true,"href":"https:\/\/imperfester.com.mx\/tienda\/wp-json\/wp\/v2\/comments?post=1050"}],"wp:featuredmedia":[{"embeddable":true,"href":"https:\/\/imperfester.com.mx\/tienda\/wp-json\/wp\/v2\/media\/505"}],"wp:attachment":[{"href":"https:\/\/imperfester.com.mx\/tienda\/wp-json\/wp\/v2\/media?parent=1050"}],"wp:term":[{"taxonomy":"product_brand","embeddable":true,"href":"https:\/\/imperfester.com.mx\/tienda\/wp-json\/wp\/v2\/product_brand?post=1050"},{"taxonomy":"product_cat","embeddable":true,"href":"https:\/\/imperfester.com.mx\/tienda\/wp-json\/wp\/v2\/product_cat?post=1050"},{"taxonomy":"product_tag","embeddable":true,"href":"https:\/\/imperfester.com.mx\/tienda\/wp-json\/wp\/v2\/product_tag?post=1050"}],"curies":[{"name":"wp","href":"https:\/\/api.w.org\/{rel}","templated":true}]}}