{"id":1039,"date":"2020-03-07T00:19:56","date_gmt":"2020-03-07T06:19:56","guid":{"rendered":"https:\/\/imperfester.com.mx\/tienda\/product\/import-placeholder-for-1396\/"},"modified":"2026-02-27T16:54:01","modified_gmt":"2026-02-27T22:54:01","slug":"fester-imperflex","status":"publish","type":"product","link":"https:\/\/imperfester.com.mx\/tienda\/product\/fester-imperflex\/","title":{"rendered":"FESTER IMPERFLEX"},"content":{"rendered":"<div class=\"product__descriptionText\">\n<p>Membrana flexible elaborada a base de fibras sint\u00e9ticas inorg\u00e1nicas de poli\u00e9ster con resistencia multidireccional para sistemas impermeables asf\u00e1lticos tanto base agua como base solvente.<\/p>\n<p>\u00a0<\/p>\n<p><b>USOS<\/b><\/p>\n<ul>\n<li>Como refuerzo de puntos cr\u00edticos en impermeabilizaciones asf\u00e1lticas.<\/li>\n<li>Como refuerzo para sistemas impermeables asf\u00e1lticos en fr\u00edo base agua.<\/li>\n<\/ul>\n<p>\u00a0<\/p>\n<p><b>RENDIMIENTO<\/b><\/p>\n<p>100 m\u00b2 por rollo<\/p>\n<p>\u00a0<\/p>\n<p><b>VENTAJAS<\/b><\/p>\n<ul>\n<li>Brinda resistencia al sistema impermeable para soportar los movimientos estructurales en losas.<\/li>\n<li>Previene el deterioro prematuro del sistema impermeable.<\/li>\n<li>Excelente flexibilidad.<\/li>\n<li>Favorece la adherencia entre capas de impermeabilizante asf\u00e1ltico.\u00a0<\/li>\n<li>Resistente a altas temperaturas y a la acci\u00f3n de los rayos solares.<\/li>\n<li>Absorbe 1% de humedad como m\u00e1ximo, a\u00fan sumergido en agua.<\/li>\n<li>Es inerte a la acci\u00f3n de solventes, \u00e1lcalis, \u00e1cidos ligeros, mohos y bacterias.<\/li>\n<\/ul>\n<p>\u00a0<\/p>\n<p><b>COLOR<\/b><\/p>\n<p>Blanco<\/p>\n<p>\u00a0<\/p>\n<p><b>PRESENTACI\u00d3N<\/b><\/p>\n<p>Rollo de 100m x 1.10 m<\/p>\n<\/div>\n<div class=\"product__benefits\">\n<p tabindex=\"-1\">\u00a0<\/p>\n<p id=\"beneficios-1\" class=\"product__benefitsTitle\" tabindex=\"-1\"><strong>BENEFICIOS<\/strong><\/p>\n<div class=\"product__benefitsList\">\n<ul>\n<li>Brinda resistencia multidireccional para soportar los movimientos estructurales en losas.<\/li>\n<li>Previene el deterioro prematuro del sistema impermeable<\/li>\n<li>Excelente flexibilidad<\/li>\n<\/ul>\n<\/div>\n<\/div>\n","protected":false},"excerpt":{"rendered":"<p>Membrana de refuerzo para sistemas impermeables asf\u00e1lticos\u00a0<\/p>\n","protected":false},"featured_media":504,"comment_status":"open","ping_status":"closed","template":"","meta":{"_joinchat":[]},"product_brand":[],"product_cat":[78,49],"product_tag":[568],"class_list":{"0":"post-1039","1":"product","2":"type-product","3":"status-publish","4":"has-post-thumbnail","6":"product_cat-asfaltico","7":"product_cat-impermeabilizantes","8":"product_tag-1-10-x-100m","10":"first","11":"instock","12":"taxable","13":"shipping-taxable","14":"purchasable","15":"product-type-simple"},"jetpack_sharing_enabled":true,"_links":{"self":[{"href":"https:\/\/imperfester.com.mx\/tienda\/wp-json\/wp\/v2\/product\/1039","targetHints":{"allow":["GET"]}}],"collection":[{"href":"https:\/\/imperfester.com.mx\/tienda\/wp-json\/wp\/v2\/product"}],"about":[{"href":"https:\/\/imperfester.com.mx\/tienda\/wp-json\/wp\/v2\/types\/product"}],"replies":[{"embeddable":true,"href":"https:\/\/imperfester.com.mx\/tienda\/wp-json\/wp\/v2\/comments?post=1039"}],"wp:featuredmedia":[{"embeddable":true,"href":"https:\/\/imperfester.com.mx\/tienda\/wp-json\/wp\/v2\/media\/504"}],"wp:attachment":[{"href":"https:\/\/imperfester.com.mx\/tienda\/wp-json\/wp\/v2\/media?parent=1039"}],"wp:term":[{"taxonomy":"product_brand","embeddable":true,"href":"https:\/\/imperfester.com.mx\/tienda\/wp-json\/wp\/v2\/product_brand?post=1039"},{"taxonomy":"product_cat","embeddable":true,"href":"https:\/\/imperfester.com.mx\/tienda\/wp-json\/wp\/v2\/product_cat?post=1039"},{"taxonomy":"product_tag","embeddable":true,"href":"https:\/\/imperfester.com.mx\/tienda\/wp-json\/wp\/v2\/product_tag?post=1039"}],"curies":[{"name":"wp","href":"https:\/\/api.w.org\/{rel}","templated":true}]}}