{"id":1034,"date":"2020-03-07T00:19:47","date_gmt":"2020-03-07T06:19:47","guid":{"rendered":"https:\/\/imperfester.com.mx\/tienda\/product\/import-placeholder-for-1391\/"},"modified":"2026-02-27T16:55:42","modified_gmt":"2026-02-27T22:55:42","slug":"festerblanc-6","status":"publish","type":"product","link":"https:\/\/imperfester.com.mx\/tienda\/product\/festerblanc-6\/","title":{"rendered":"FESTERBLANC BCO 19L"},"content":{"rendered":"<div class=\"product__descriptionText\">\n<p>Producto formulado a base de resinas 100% acr\u00edlicas y pigmentos seleccionados que le proporcionan propiedades de elasticidad, reflectividad, protecci\u00f3n y duraci\u00f3n.<\/p>\n<p>\u00a0<\/p>\n<p><b>USOS<\/b><\/p>\n<p>Como recubrimiento reflectivo, protector y decorativo para prolongar la vida \u00fatil de: sistemas Impermeables asf\u00e1lticos; fachadas.<\/p>\n<p>\u00a0<\/p>\n<p><b>RENDIMIENTO<\/b><\/p>\n<p>3 m\u00b2\/L en dos manos<\/p>\n<p>\u00a0<\/p>\n<p><b>VENTAJAS<\/b><\/p>\n<ul>\n<li>Festerblanc re\u00fane las propiedades de flexibilidad, resistencia a la intemperie, as\u00ed como larga duraci\u00f3n y reflectividad.<\/li>\n<li>Refleja los rayos solares reduciendo considerablemente la transmisi\u00f3n de calor hacia interiores, especialmente en color blanco.<\/li>\n<li>Protege y decora los muros y fachadas impidiendo la penetraci\u00f3n del agua.<\/li>\n<li>100% lavable.<\/li>\n<\/ul>\n<p>\u00a0<\/p>\n<p><b>NORMA<\/b><\/p>\n<p>Reflectancia Solar ASTM C 1549 y Emitancia solar ASTM C1371 (m\u00e9todos), solo en blanco<\/p>\n<p>\u00a0<\/p>\n<p><b>COLOR<\/b><\/p>\n<ul>\n<li>Blanco<\/li>\n<li>Terracota<\/li>\n<li>Verde<\/li>\n<\/ul>\n<p>\u00a0<\/p>\n<p><b>PRESENTACI\u00d3N<\/b><\/p>\n<ul>\n<li>Bote 4L<\/li>\n<li>Cubeta 19L<\/li>\n<li>Tambo 200L<\/li>\n<\/ul>\n<\/div>\n<div class=\"product__benefits\">\n<p tabindex=\"-1\">\u00a0<\/p>\n<p id=\"beneficios-1\" class=\"product__benefitsTitle\" tabindex=\"-1\"><strong>BENEFICIOS<\/strong><\/p>\n<div class=\"product__benefitsList\">\n<ul>\n<li>Re\u00fane las propiedades de flexibilidad, resistencia a la intemperie, reflectividad y larga duraci\u00f3n.<\/li>\n<li>Protege y decora los muros y fachadas impidiendo la penetraci\u00f3n del agua.<\/li>\n<li>100% lavable.<\/li>\n<\/ul>\n<\/div>\n<\/div>\n","protected":false},"excerpt":{"rendered":"<p>Recubrimiento protector y decorativo el\u00e1stico<\/p>\n","protected":false},"featured_media":518,"comment_status":"open","ping_status":"closed","template":"","meta":{"_joinchat":[]},"product_brand":[],"product_cat":[78,49],"product_tag":[51,64],"class_list":{"0":"post-1034","1":"product","2":"type-product","3":"status-publish","4":"has-post-thumbnail","6":"product_cat-asfaltico","7":"product_cat-impermeabilizantes","8":"product_tag-19-l","9":"product_tag-blanco","11":"first","12":"instock","13":"sale","14":"taxable","15":"shipping-taxable","16":"purchasable","17":"product-type-simple"},"jetpack_sharing_enabled":true,"_links":{"self":[{"href":"https:\/\/imperfester.com.mx\/tienda\/wp-json\/wp\/v2\/product\/1034","targetHints":{"allow":["GET"]}}],"collection":[{"href":"https:\/\/imperfester.com.mx\/tienda\/wp-json\/wp\/v2\/product"}],"about":[{"href":"https:\/\/imperfester.com.mx\/tienda\/wp-json\/wp\/v2\/types\/product"}],"replies":[{"embeddable":true,"href":"https:\/\/imperfester.com.mx\/tienda\/wp-json\/wp\/v2\/comments?post=1034"}],"wp:featuredmedia":[{"embeddable":true,"href":"https:\/\/imperfester.com.mx\/tienda\/wp-json\/wp\/v2\/media\/518"}],"wp:attachment":[{"href":"https:\/\/imperfester.com.mx\/tienda\/wp-json\/wp\/v2\/media?parent=1034"}],"wp:term":[{"taxonomy":"product_brand","embeddable":true,"href":"https:\/\/imperfester.com.mx\/tienda\/wp-json\/wp\/v2\/product_brand?post=1034"},{"taxonomy":"product_cat","embeddable":true,"href":"https:\/\/imperfester.com.mx\/tienda\/wp-json\/wp\/v2\/product_cat?post=1034"},{"taxonomy":"product_tag","embeddable":true,"href":"https:\/\/imperfester.com.mx\/tienda\/wp-json\/wp\/v2\/product_tag?post=1034"}],"curies":[{"name":"wp","href":"https:\/\/api.w.org\/{rel}","templated":true}]}}