{"id":1021,"date":"2020-03-07T00:19:45","date_gmt":"2020-03-07T06:19:45","guid":{"rendered":"https:\/\/imperfester.com.mx\/tienda\/product\/import-placeholder-for-1378\/"},"modified":"2026-02-27T16:59:01","modified_gmt":"2026-02-27T22:59:01","slug":"fester-plastic-cement-3","status":"publish","type":"product","link":"https:\/\/imperfester.com.mx\/tienda\/product\/fester-plastic-cement-3\/","title":{"rendered":"FESTER PLASTIC CEMENT 4L"},"content":{"rendered":"<div class=\"product__descriptionText\">\n<p>Material de consistencia pastosa, formulado a base de asfalto modificado, solventes de r\u00e1pida evaporaci\u00f3n, rellenos minerales y un alto contenido de fibras naturales libres de asbesto.<\/p>\n<p>\u00a0<\/p>\n<p><b>USOS<\/b><\/p>\n<ul>\n<li>Como sellador de juntas, fisuras, grietas y ranuras en superficies de concreto y para tratamiento de puntos cr\u00edticos, especialmente para sistemas impermeables en fr\u00edo (base agua, base solvente e impermeabilizantes prefabricados).<\/li>\n<li>Como calafateador para empalmes en techumbres de l\u00e1mina de asbesto-cemento, pl\u00e1sticas y met\u00e1licas.<\/li>\n<li>Eficaz para: calafatear tragaluces, recubrir chaflanes, cornisas, canales, entre otros.\u00a0<\/li>\n<li>Sellar traslapes y remates de fieltros utilizados en impermeabilizaci\u00f3n.<\/li>\n<\/ul>\n<p>\u00a0<\/p>\n<p><b>RENDIMIENTO<\/b><\/p>\n<p>1 L llena 800 cm\u00b3 una vez seco<\/p>\n<p>\u00a0<\/p>\n<p><b>VENTAJAS<\/b><\/p>\n<ul>\n<li>Alta durabilidad. Resiste todo tipo de climas.<\/li>\n<li>Una vez seco forma un sello impermeable al agua.<\/li>\n<li>F\u00e1cil de aplicar.<\/li>\n<li>Cuenta con caracter\u00edsticas pl\u00e1sticas.<\/li>\n<\/ul>\n<p>\u00a0<\/p>\n<p><b>NORMA<\/b><\/p>\n<p>Cumple con la norma:ASTM D4586-07 Standard Specification for Asphalt Roof Cement , Asbestos-Free (type II)<\/p>\n<p>\u00a0<\/p>\n<p><b>PRESENTACI\u00d3N<\/b><\/p>\n<ul>\n<li>Bote 1L<\/li>\n<li>Bote 4L<\/li>\n<li>Barril 19L<\/li>\n<li>Tambo 200L<\/li>\n<\/ul>\n<\/div>\n<div class=\"product__benefits\">\n<p tabindex=\"-1\">\u00a0<\/p>\n<p id=\"beneficios-1\" class=\"product__benefitsTitle\" tabindex=\"-1\"><strong>BENEFICIOS<\/strong><\/p>\n<div class=\"product__benefitsList\">\n<ul>\n<li>Sellado y calafateado para sistemas impermeables en fr\u00edo.<\/li>\n<li>Resiste todo tipo de condiciones clim\u00e1ticas y ambientales.<\/li>\n<li>Forma sello impermeable al agua.<\/li>\n<\/ul>\n<\/div>\n<\/div>\n","protected":false},"excerpt":{"rendered":"<p>Sellador y calafateador para fisuras y puntos cr\u00edticos en sistemas impermeables<\/p>\n","protected":false},"featured_media":509,"comment_status":"open","ping_status":"closed","template":"","meta":{"_joinchat":[]},"product_brand":[],"product_cat":[78,49],"product_tag":[54],"class_list":{"0":"post-1021","1":"product","2":"type-product","3":"status-publish","4":"has-post-thumbnail","6":"product_cat-asfaltico","7":"product_cat-impermeabilizantes","8":"product_tag-4-l","10":"first","11":"instock","12":"taxable","13":"shipping-taxable","14":"purchasable","15":"product-type-simple"},"jetpack_sharing_enabled":true,"_links":{"self":[{"href":"https:\/\/imperfester.com.mx\/tienda\/wp-json\/wp\/v2\/product\/1021","targetHints":{"allow":["GET"]}}],"collection":[{"href":"https:\/\/imperfester.com.mx\/tienda\/wp-json\/wp\/v2\/product"}],"about":[{"href":"https:\/\/imperfester.com.mx\/tienda\/wp-json\/wp\/v2\/types\/product"}],"replies":[{"embeddable":true,"href":"https:\/\/imperfester.com.mx\/tienda\/wp-json\/wp\/v2\/comments?post=1021"}],"wp:featuredmedia":[{"embeddable":true,"href":"https:\/\/imperfester.com.mx\/tienda\/wp-json\/wp\/v2\/media\/509"}],"wp:attachment":[{"href":"https:\/\/imperfester.com.mx\/tienda\/wp-json\/wp\/v2\/media?parent=1021"}],"wp:term":[{"taxonomy":"product_brand","embeddable":true,"href":"https:\/\/imperfester.com.mx\/tienda\/wp-json\/wp\/v2\/product_brand?post=1021"},{"taxonomy":"product_cat","embeddable":true,"href":"https:\/\/imperfester.com.mx\/tienda\/wp-json\/wp\/v2\/product_cat?post=1021"},{"taxonomy":"product_tag","embeddable":true,"href":"https:\/\/imperfester.com.mx\/tienda\/wp-json\/wp\/v2\/product_tag?post=1021"}],"curies":[{"name":"wp","href":"https:\/\/api.w.org\/{rel}","templated":true}]}}