{"id":1017,"date":"2020-03-07T00:19:44","date_gmt":"2020-03-07T06:19:44","guid":{"rendered":"https:\/\/imperfester.com.mx\/tienda\/product\/import-placeholder-for-1374\/"},"modified":"2026-02-27T17:00:54","modified_gmt":"2026-02-27T23:00:54","slug":"fester-vaportite-550-3","status":"publish","type":"product","link":"https:\/\/imperfester.com.mx\/tienda\/product\/fester-vaportite-550-3\/","title":{"rendered":"FESTER VAPORTITE 550 19L"},"content":{"rendered":"<div class=\"product__descriptionText\">\n<p>Impermeabilizante asf\u00e1ltico base solvente de usos m\u00faltiples, elaborado con asfaltos refinados, agregados minerales, fibras de refuerzo libres de asbesto y disolventes de r\u00e1pida evaporaci\u00f3n.<\/p>\n<p>\u00a0<\/p>\n<p><b>USOS<\/b><\/p>\n<ul>\n<li>Para impermeabilizar: superficies horizontales y verticales de concreto, l\u00e1mina, mamposter\u00eda, tabique, fibra de vidrio, madera, entre otras; sitios bajo inmersi\u00f3n constante;\u00a0 estructuras bajo tierra;\u00a0 pisos (bajo recubrimientos p\u00e9treos).<\/li>\n<li>Como adhesivo, recubrimiento, sellador y barrera de vapor para aislamientos t\u00e9rmicos a base de fibra de vidrio, corcho, lana mineral y similares (excepto poliestireno expandido).<\/li>\n<li>Como recubrimiento protector y anticorrosivo para superficies met\u00e1licas y de concreto.<\/li>\n<\/ul>\n<p>\u00a0<\/p>\n<p><b>RENDIMIENTO<\/b><\/p>\n<ul>\n<li>Para superficies horizontales: 1 L\/m\u00b2 por capa<\/li>\n<li>Para superficies verticales: 0.75 L\/m\u00b2 por capa \/\/ 1.5 L\/m\u00b2 en dos capas<\/li>\n<li>Adhesivo para placas termoaislantes: 1.5 a 2.0 L\/m\u00b2<\/li>\n<li>Protector anticorrosivo:\u00a0 0.75 L\/m\u00b2 por capa<\/li>\n<li>Para coronas de cimentaci\u00f3n: 1.5 L\/m\u00b2 por capa<\/li>\n<\/ul>\n<p>\u00a0<\/p>\n<p><b>VENTAJAS<\/b><\/p>\n<ul>\n<li>Una vez seco puede permanecer bajo tierra y\/o contacto continuo con el agua.<\/li>\n<li>Brinda protecci\u00f3n efectiva contra la corrosi\u00f3n causada por agentes atmosf\u00e9ricos, sales, \u00e1cidos y \u00e1lcalis ligeros.<\/li>\n<li>Conserva todas sus propiedades entre los 0 \u00b0C y 90 \u00b0C. Ideal para superficies expuestas a cambios dr\u00e1sticos de temperatura.<\/li>\n<li>Forma barrera de vapor con permeabilidad de 0.01 perms.<\/li>\n<\/ul>\n<p>\u00a0<\/p>\n<p><b>NORMA<\/b><\/p>\n<ul>\n<li>Cumple con la norma:ASTM D4479-07 Standard Specification for Asphalt Roof Coatings \u2014Asbestos-Free (type II)<\/li>\n<\/ul>\n<p>\u00a0<\/p>\n<p><b>PRESENTACI\u00d3N<\/b><\/p>\n<ul>\n<li>Bote 1L<\/li>\n<li>Bote 4L<\/li>\n<li>Barril 19L<\/li>\n<li>Tambo 200L<\/li>\n<\/ul>\n<\/div>\n<div class=\"product__benefits\">\n<p tabindex=\"-1\">\u00a0<\/p>\n<p id=\"beneficios-1\" class=\"product__benefitsTitle\" tabindex=\"-1\"><strong>BENEFICIOS<\/strong><\/p>\n<div class=\"product__benefitsList\">\n<ul>\n<li>Ideal para superficies bajo tierra y\/o contacto continuo con el agua.<\/li>\n<li>Brinda protecci\u00f3n efectiva contra la corrosi\u00f3n causada por agentes atmosf\u00e9ricos, sales, \u00e1cidos y \u00e1lcalis ligeros.<\/li>\n<li>Para superficies expuestas a cambios dr\u00e1sticos de temperatura.<\/li>\n<\/ul>\n<\/div>\n<\/div>\n","protected":false},"excerpt":{"rendered":"<p>Impermeabilizante asf\u00e1ltico base solvente usos m\u00faltiples<\/p>\n","protected":false},"featured_media":517,"comment_status":"open","ping_status":"closed","template":"","meta":{"_joinchat":[]},"product_brand":[],"product_cat":[78,49],"product_tag":[51],"class_list":{"0":"post-1017","1":"product","2":"type-product","3":"status-publish","4":"has-post-thumbnail","6":"product_cat-asfaltico","7":"product_cat-impermeabilizantes","8":"product_tag-19-l","10":"first","11":"instock","12":"sale","13":"taxable","14":"shipping-taxable","15":"purchasable","16":"product-type-simple"},"jetpack_sharing_enabled":true,"_links":{"self":[{"href":"https:\/\/imperfester.com.mx\/tienda\/wp-json\/wp\/v2\/product\/1017","targetHints":{"allow":["GET"]}}],"collection":[{"href":"https:\/\/imperfester.com.mx\/tienda\/wp-json\/wp\/v2\/product"}],"about":[{"href":"https:\/\/imperfester.com.mx\/tienda\/wp-json\/wp\/v2\/types\/product"}],"replies":[{"embeddable":true,"href":"https:\/\/imperfester.com.mx\/tienda\/wp-json\/wp\/v2\/comments?post=1017"}],"wp:featuredmedia":[{"embeddable":true,"href":"https:\/\/imperfester.com.mx\/tienda\/wp-json\/wp\/v2\/media\/517"}],"wp:attachment":[{"href":"https:\/\/imperfester.com.mx\/tienda\/wp-json\/wp\/v2\/media?parent=1017"}],"wp:term":[{"taxonomy":"product_brand","embeddable":true,"href":"https:\/\/imperfester.com.mx\/tienda\/wp-json\/wp\/v2\/product_brand?post=1017"},{"taxonomy":"product_cat","embeddable":true,"href":"https:\/\/imperfester.com.mx\/tienda\/wp-json\/wp\/v2\/product_cat?post=1017"},{"taxonomy":"product_tag","embeddable":true,"href":"https:\/\/imperfester.com.mx\/tienda\/wp-json\/wp\/v2\/product_tag?post=1017"}],"curies":[{"name":"wp","href":"https:\/\/api.w.org\/{rel}","templated":true}]}}