{"id":844,"date":"2020-03-05T06:42:54","date_gmt":"2020-03-05T06:42:54","guid":{"rendered":"https:\/\/imperfester.com.mx\/tienda\/?page_id=844"},"modified":"2020-03-19T20:26:42","modified_gmt":"2020-03-20T02:26:42","slug":"fester","status":"publish","type":"page","link":"https:\/\/imperfester.com.mx\/tienda\/fester\/","title":{"rendered":"Fester"},"content":{"rendered":"<div class=\"wpb-content-wrapper\"><p>[vc_row][vc_column width=\u00bb2\/3&#8243;][vc_column_text text_larger=\u00bbno\u00bb]Fester es la marca l\u00edder en soluciones para la construcci\u00f3n con m\u00e1s de 60 a\u00f1os de experiencia en el mercado. Debido a nuestro amplio portafolio de productos y sistemas de alto desempe\u00f1o dividido en 7 categor\u00edas, ofrecemos a nuestros clientes soluciones confiables que resuelven las necesidades de la obra desde las primeras etapas de construcci\u00f3n hasta las fases de mantenimiento logrando con ello, la optimizaci\u00f3n de materiales, reducciones de costos, sistemas constructivos m\u00e1s eficientes y materiales de mayor resistencia.<\/p>\n<p>Asimismo, la innovaci\u00f3n es un pilar importante para Fester por lo que el lanzamiento de nuevos productos contin\u00faa siendo un factor de \u00e9xito para mantener nuestra posici\u00f3n de liderazgo en el mercado.<\/p>\n<p>Mantenemos nuestro compromiso de calidad a trav\u00e9s de la b\u00fasqueda de certificaciones que acrediten y avalen nuestros productos y sistemas de producci\u00f3n. Algunos ejemplos: BS OHSAS 18001: 2007, ISO 9000: 2008, ISO 14001: 2004, ONNCCE y m\u00e1s recientemente FIDE en Fester Acriton 8 a\u00f1os Color Blanco. De igual manera, en Fester nos sentimos orgullosos de poder ofrecer al profesional de la construcci\u00f3n productos que contribuyen al proceso de certificaci\u00f3n LEED\u00ae<\/p>\n<p>Para obtener la informaci\u00f3n vigente sobre los valores de certificaciones para nuestros productos, favor de consultar las Hojas T\u00e9cnicas disponibles en nuestra p\u00e1gina de Internet <a href=\"http:\/\/www.fester.com.mx\/es.html\" target=\"_blank\" rel=\"noopener noreferrer\">www.fester.com.mx<\/a>[\/vc_column_text][\/vc_column][vc_column width=\u00bb1\/3&#8243;][vc_single_image image=\u00bb845&#8243; img_size=\u00bbmedium\u00bb alignment=\u00bbcenter\u00bb parallax_scroll=\u00bbno\u00bb][\/vc_column][\/vc_row]<\/p>\n<\/div>","protected":false},"excerpt":{"rendered":"<p>[vc_row][vc_column width=\u00bb2\/3&#8243;][vc_column_text text_larger=\u00bbno\u00bb]Fester es la marca l\u00edder en soluciones para la construcci\u00f3n con m\u00e1s de 60 a\u00f1os de experiencia en<\/p>\n","protected":false},"author":1,"featured_media":0,"parent":0,"menu_order":0,"comment_status":"closed","ping_status":"closed","template":"","meta":{"_joinchat":[],"footnotes":""},"class_list":["post-844","page","type-page","status-publish","hentry"],"jetpack_sharing_enabled":true,"_links":{"self":[{"href":"https:\/\/imperfester.com.mx\/tienda\/wp-json\/wp\/v2\/pages\/844","targetHints":{"allow":["GET"]}}],"collection":[{"href":"https:\/\/imperfester.com.mx\/tienda\/wp-json\/wp\/v2\/pages"}],"about":[{"href":"https:\/\/imperfester.com.mx\/tienda\/wp-json\/wp\/v2\/types\/page"}],"author":[{"embeddable":true,"href":"https:\/\/imperfester.com.mx\/tienda\/wp-json\/wp\/v2\/users\/1"}],"replies":[{"embeddable":true,"href":"https:\/\/imperfester.com.mx\/tienda\/wp-json\/wp\/v2\/comments?post=844"}],"version-history":[{"count":1,"href":"https:\/\/imperfester.com.mx\/tienda\/wp-json\/wp\/v2\/pages\/844\/revisions"}],"predecessor-version":[{"id":846,"href":"https:\/\/imperfester.com.mx\/tienda\/wp-json\/wp\/v2\/pages\/844\/revisions\/846"}],"wp:attachment":[{"href":"https:\/\/imperfester.com.mx\/tienda\/wp-json\/wp\/v2\/media?parent=844"}],"curies":[{"name":"wp","href":"https:\/\/api.w.org\/{rel}","templated":true}]}}