{"id":3,"date":"2020-03-04T18:04:21","date_gmt":"2020-03-05T00:04:21","guid":{"rendered":"https:\/\/imperfester.com.mx\/tienda\/?page_id=3"},"modified":"2020-07-21T13:55:23","modified_gmt":"2020-07-21T18:55:23","slug":"aviso-privacidad","status":"publish","type":"page","link":"https:\/\/imperfester.com.mx\/tienda\/aviso-privacidad\/","title":{"rendered":"Aviso de Privacidad"},"content":{"rendered":"\r\n<p><strong>FRANCISCO GERARDO SAYUN HASSAF., <\/strong>mejor conocido como\u00a0<strong>\u00abIMPER-FESTER\u00bb<\/strong>, <strong>calle Calzada de Tlalpan, #5040, Colonia La Joya, Tlalpan, CDMX. 14090, Pa\u00eds M\u00e9xico<\/strong>, y portal de internet\u00a0<strong><em>www.imperfester.com.mx<\/em><\/strong>, es el responsable del uso y protecci\u00f3n de sus datos personales, y al respecto le informamos lo siguiente:<\/p>\r\n<p><strong>\u00a0<\/strong><\/p>\r\n<p><strong>\u00bfPara qu\u00e9 fines utilizaremos sus datos personales?<\/strong><\/p>\r\n<p>Los datos personales que recabamos de usted, los utilizaremos para las siguientes finalidades que son necesarias para el servicio que solicita:<\/p>\r\n<ul>\r\n<li>Facturaci\u00f3n<\/li>\r\n<li>Env\u00edo y entrega de las compras realizadas en nuestro sitioweb<\/li>\r\n<li>Mantener contacto con nuestros clientes<\/li>\r\n<li>Proporcionar informaci\u00f3n importante en torno a nuestros productos y servicios<\/li>\r\n<\/ul>\r\n<p>&nbsp;<\/p>\r\n<p>De manera adicional, utilizaremos su informaci\u00f3n personal para las siguientes finalidades secundarias que\u00a0<strong>no son necesarias<\/strong>\u00a0para el servicio solicitado, pero que nos permiten y facilitan brindarle una mejor atenci\u00f3n:<\/p>\r\n<ul>\r\n<li>Para hacer promoci\u00f3n y difusi\u00f3n de nuestros productos y servicios<\/li>\r\n<li>Llevar a cabo estudios de opini\u00f3n sobre los bienes, servicios, personas o marcas.<\/li>\r\n<li>Prospecci\u00f3n comercial<\/li>\r\n<\/ul>\r\n<p>En caso de que no desee que sus datos personales se utilicen para estos fines secundarios, ind\u00edquelo a trav\u00e9s de un correo electr\u00f3nico a: <a href=\"mailto:centralbodegafester@centraldepinturas.com.mx\"><em><strong>centralbodegafester@centraldepinturas.com.mx<\/strong><\/em><\/a><\/p>\r\n<p>La negativa para el uso de sus datos personales para estas finalidades no podr\u00e1 ser un motivo para que le neguemos los servicios y productos que solicita o contrata con nosotros.<\/p>\r\n<p><strong>\u00a0<\/strong><\/p>\r\n<p><strong>\u00bfQu\u00e9 datos personales utilizaremos para estos fines?<\/strong><\/p>\r\n<p>Para llevar a cabo las finalidades descritas en el presente aviso de privacidad, utilizaremos los siguientes datos personales:<\/p>\r\n<ul>\r\n<li>Nombre<\/li>\r\n<li>Domicilio<\/li>\r\n<li>Tel\u00e9fono de contacto<\/li>\r\n<li>Correo electr\u00f3nico<\/li>\r\n<li>Datos de contacto<\/li>\r\n<li>Registro Federal de Contribuyentes<\/li>\r\n<\/ul>\r\n<p><strong>\u00a0<\/strong><\/p>\r\n<p><strong>\u00bfC\u00f3mo puede acceder, rectificar o cancelar sus datos personales, u oponerse a su uso?<\/strong><\/p>\r\n<p>Usted tiene derecho a conocer qu\u00e9 datos personales tenemos de usted, para qu\u00e9 los utilizamos y las condiciones del uso que les damos (Acceso). Asimismo, es su derecho solicitar la correcci\u00f3n de su informaci\u00f3n personal en caso de que est\u00e9 desactualizada, sea inexacta o incompleta (Rectificaci\u00f3n); que la eliminemos de nuestros registros o bases de datos cuando considere que la misma no est\u00e1 siendo utilizada adecuadamente (Cancelaci\u00f3n); as\u00ed como oponerse al uso de sus datos personales para fines espec\u00edficos (Oposici\u00f3n). Estos derechos se conocen como derechos ARCO.<\/p>\r\n<p>Para el ejercicio de cualquiera de los derechos ARCO, usted deber\u00e1 presentar la solicitud respectiva a trav\u00e9s del siguiente medio:<\/p>\r\n<p><em><strong>centralbodegafester@centraldepinturas.com.mx<\/strong><\/em><\/p>\r\n<p>Con relaci\u00f3n al procedimiento y requisitos para el ejercicio de sus derechos ARCO, le informamos lo siguiente:<\/p>\r\n<ol>\r\n<li>\u00bfA trav\u00e9s de qu\u00e9 medios pueden acreditar su identidad el titular y, en su caso, su representante, as\u00ed como la personalidad este \u00faltimo?\u00a0<strong>correo electr\u00f3nico<\/strong><\/li>\r\n<li>\u00bfQu\u00e9 informaci\u00f3n y\/o documentaci\u00f3n deber\u00e1 contener la solicitud?\u00a0<strong>copia de identificaci\u00f3n oficial<\/strong><\/li>\r\n<li>\u00bfEn cu\u00e1ntos d\u00edas le daremos respuesta a su solicitud?\u00a0<strong>5 d\u00edas<\/strong><\/li>\r\n<li>\u00bfPor qu\u00e9 medio le comunicaremos la respuesta a su solicitud?\u00a0<strong>correo electr\u00f3nico<\/strong><\/li>\r\n<li>\u00bfEn qu\u00e9 medios se pueden reproducir los datos personales que, en su caso, solicite?\u00a0<strong>correo electr\u00f3nico<\/strong><\/li>\r\n<\/ol>\r\n<p>Los datos de contacto de la persona o departamento de datos personales, que est\u00e1 a cargo de dar tr\u00e1mite a las solicitudes de derechos ARCO, son los siguientes:<\/p>\r\n<ol>\r\n<li>Nombre de la persona o departamento de datos personales:\u00a0<strong>Base de Datos clientes<\/strong><\/li>\r\n<li>Domicilio: <strong>calle Calzada de Tlalpan, #5040, Colonia La Joya, Tlalpan, CDMX. 14090, Pa\u00eds M\u00e9xico<\/strong>,<strong>.<\/strong><\/li>\r\n<li>Correo electr\u00f3nico: <em><strong>centralbodegafester@centraldepinturas.com.mx<\/strong><\/em><\/li>\r\n<\/ol>\r\n<p><strong>\u00a0<\/strong><\/p>\r\n<p><strong>Usted puede revocar su consentimiento para el uso de sus datos personales<\/strong><\/p>\r\n<p>Usted puede revocar el consentimiento que, en su caso, nos haya otorgado para el tratamiento de sus datos personales. Sin embargo, es importante que tenga en cuenta que no en todos los casos podremos atender su solicitud o concluir el uso de forma inmediata, ya que es posible que por alguna obligaci\u00f3n legal requiramos seguir tratando sus datos personales. Asimismo, usted deber\u00e1 considerar que para ciertos fines, la revocaci\u00f3n de su consentimiento implicar\u00e1 que no le podamos seguir prestando el servicio que nos solicit\u00f3, o la conclusi\u00f3n de su relaci\u00f3n con nosotros.<\/p>\r\n<p>Para revocar su consentimiento deber\u00e1 presentar su solicitud a trav\u00e9s del siguiente medio:\u00a0<strong>correo electr\u00f3nico; <em>centralbodegafester@centraldepinturas.com.mx<\/em><\/strong><br \/>Con relaci\u00f3n al procedimiento y requisitos para la revocaci\u00f3n de su consentimiento, le informamos lo siguiente:<\/p>\r\n<ol>\r\n<li>\u00bfA trav\u00e9s de qu\u00e9 medios pueden acreditar su identidad el titular y, en su caso, su representante, as\u00ed como la personalidad este \u00faltimo?\u00a0<strong>correo electr\u00f3nico<\/strong><\/li>\r\n<li>\u00bfQu\u00e9 informaci\u00f3n y\/o documentaci\u00f3n deber\u00e1 contener la solicitud?\u00a0<strong>identificaci\u00f3n oficial<\/strong><\/li>\r\n<li>\u00bfEn cu\u00e1ntos d\u00edas le daremos respuesta a su solicitud?\u00a0<strong>5 d\u00edas<\/strong><\/li>\r\n<li>\u00bfPor qu\u00e9 medio le comunicaremos la respuesta a su solicitud?\u00a0<strong>correo electr\u00f3nico<\/strong><\/li>\r\n<\/ol>\r\n<p><strong>\u00a0<\/strong><\/p>\r\n<p><strong>\u00bfC\u00f3mo puede limitar el uso o divulgaci\u00f3n de su informaci\u00f3n personal?<\/strong><\/p>\r\n<p>Con objeto de que usted pueda limitar el uso y divulgaci\u00f3n de su informaci\u00f3n personal, le ofrecemos los siguientes medios:\u00a0<strong>correo electr\u00f3nico; <em>centralbodegafester@centraldepinturas.com.mx<\/em><\/strong><\/p>\r\n<p><strong>El uso de tecnolog\u00edas de rastreo en nuestro portal de internet<\/strong><\/p>\r\n<p>Le informamos que en nuestra p\u00e1gina de internet utilizamos cookies, web beacons u otras tecnolog\u00edas, a trav\u00e9s de las cuales es posible monitorear su comportamiento como usuario de internet, as\u00ed como brindarle un mejor servicio y experiencia al navegar en nuestra p\u00e1gina. Los datos personales que recabamos a trav\u00e9s de estas tecnolog\u00edas, los utilizaremos para los siguientes fines:<\/p>\r\n<ul>\r\n<li>Estad\u00edsticos<\/li>\r\n<\/ul>\r\n<p>Los datos personales que obtenemos de estas tecnolog\u00edas de rastreo son los siguientes:<\/p>\r\n<ul>\r\n<li>Regi\u00f3n en la que se encuentra el usuario<\/li>\r\n<li>Tipo de navegador del usuario<\/li>\r\n<li>Tipo de sistema operativo del usuario<\/li>\r\n<li>Navegaci\u00f3n dentro de nuestro sitio web \u201c<strong><em>www.imperfester.com.mx\u201d<\/em><\/strong><\/li>\r\n<\/ul>\r\n<p><strong>\u00a0<\/strong><\/p>\r\n<p><strong>\u00bfC\u00f3mo puede conocer los cambios en este aviso de privacidad?<\/strong><\/p>\r\n<p>El presente aviso de privacidad puede sufrir modificaciones, cambios o actualizaciones derivadas de nuevos requerimientos legales; de nuestras propias necesidades por los productos o servicios que ofrecemos; de nuestras pr\u00e1cticas de privacidad; de cambios en nuestro modelo de negocio, o por otras causas.<\/p>\r\n<p>Nos comprometemos a mantenerlo informado sobre los cambios que pueda sufrir el presente aviso de privacidad, a trav\u00e9s de:\u00a0<strong>Sitio web.<\/strong><\/p>\r\n<p><strong>\u00daltima actualizaci\u00f3n: 21\/07\/2020.<\/strong><\/p>\r\n<p>&nbsp;<\/p>\r\n","protected":false},"excerpt":{"rendered":"<p>FRANCISCO GERARDO SAYUN HASSAF., mejor conocido como\u00a0\u00abIMPER-FESTER\u00bb, calle Calzada de Tlalpan, #5040, Colonia La Joya, Tlalpan, CDMX. 14090, Pa\u00eds M\u00e9xico,<\/p>\n","protected":false},"author":1,"featured_media":0,"parent":0,"menu_order":0,"comment_status":"closed","ping_status":"closed","template":"","meta":{"_joinchat":[],"footnotes":""},"class_list":["post-3","page","type-page","status-publish","hentry"],"jetpack_sharing_enabled":true,"_links":{"self":[{"href":"https:\/\/imperfester.com.mx\/tienda\/wp-json\/wp\/v2\/pages\/3","targetHints":{"allow":["GET"]}}],"collection":[{"href":"https:\/\/imperfester.com.mx\/tienda\/wp-json\/wp\/v2\/pages"}],"about":[{"href":"https:\/\/imperfester.com.mx\/tienda\/wp-json\/wp\/v2\/types\/page"}],"author":[{"embeddable":true,"href":"https:\/\/imperfester.com.mx\/tienda\/wp-json\/wp\/v2\/users\/1"}],"replies":[{"embeddable":true,"href":"https:\/\/imperfester.com.mx\/tienda\/wp-json\/wp\/v2\/comments?post=3"}],"version-history":[{"count":7,"href":"https:\/\/imperfester.com.mx\/tienda\/wp-json\/wp\/v2\/pages\/3\/revisions"}],"predecessor-version":[{"id":1666,"href":"https:\/\/imperfester.com.mx\/tienda\/wp-json\/wp\/v2\/pages\/3\/revisions\/1666"}],"wp:attachment":[{"href":"https:\/\/imperfester.com.mx\/tienda\/wp-json\/wp\/v2\/media?parent=3"}],"curies":[{"name":"wp","href":"https:\/\/api.w.org\/{rel}","templated":true}]}}